{"id":16519,"date":"2017-04-26T08:57:34","date_gmt":"2017-04-26T08:57:34","guid":{"rendered":"https:\/\/firestopstock.com\/assessments-and-certificates\/?lang=lv"},"modified":"2025-10-16T01:14:52","modified_gmt":"2025-10-15T22:14:52","slug":"petnieciba-un-attistiba","status":"publish","type":"page","link":"https:\/\/firestopstock.com\/lv\/petnieciba-un-attistiba\/","title":{"rendered":"P\u0113tniec\u012bba un att\u012bst\u012bba"},"content":{"rendered":"","protected":false},"excerpt":{"rendered":"","protected":false},"author":3,"featured_media":0,"parent":0,"menu_order":0,"comment_status":"closed","ping_status":"closed","template":"","meta":{"footnotes":""},"class_list":["post-16519","page","type-page","status-publish","hentry"],"_links":{"self":[{"href":"https:\/\/firestopstock.com\/lv\/wp-json\/wp\/v2\/pages\/16519","targetHints":{"allow":["GET"]}}],"collection":[{"href":"https:\/\/firestopstock.com\/lv\/wp-json\/wp\/v2\/pages"}],"about":[{"href":"https:\/\/firestopstock.com\/lv\/wp-json\/wp\/v2\/types\/page"}],"author":[{"embeddable":true,"href":"https:\/\/firestopstock.com\/lv\/wp-json\/wp\/v2\/users\/3"}],"replies":[{"embeddable":true,"href":"https:\/\/firestopstock.com\/lv\/wp-json\/wp\/v2\/comments?post=16519"}],"version-history":[{"count":1,"href":"https:\/\/firestopstock.com\/lv\/wp-json\/wp\/v2\/pages\/16519\/revisions"}],"predecessor-version":[{"id":16521,"href":"https:\/\/firestopstock.com\/lv\/wp-json\/wp\/v2\/pages\/16519\/revisions\/16521"}],"wp:attachment":[{"href":"https:\/\/firestopstock.com\/lv\/wp-json\/wp\/v2\/media?parent=16519"}],"curies":[{"name":"wp","href":"https:\/\/api.w.org\/{rel}","templated":true}]}}