{"id":16860,"date":"2025-05-02T10:49:04","date_gmt":"2025-05-02T10:49:04","guid":{"rendered":"https:\/\/firestopstock.com\/product\/intu-fr-board-a-2\/?lang=lv"},"modified":"2025-10-28T23:26:55","modified_gmt":"2025-10-28T21:26:55","slug":"intu-fr-board-a-2","status":"publish","type":"product","link":"https:\/\/firestopstock.com\/lv\/product\/intu-fr-board-a-2\/","title":{"rendered":"INTU FR BOARD A (B\u016aVKONSTRUKCIJU SAVIENOJUMIEM)"},"content":{"rendered":"","protected":false},"excerpt":{"rendered":"<p>Ugunsdro\u0161\u0101 pl\u0101ksne <strong>INTU FR BOARD A<\/strong> sast\u0101v no 60 mm biezas miner\u0101lvates pl\u0101ksnes, kas vien\u0101 pus\u0113 p\u0101rkl\u0101ta ar ablat\u012bvo kr\u0101su INTU FR COAT A. Produktu komplekts ir paredz\u0113ts in\u017eenierkomunik\u0101ciju \u0161\u0137\u0113rsojumu vietu ugunsaizsardz\u012bbai un b\u016bvniec\u012bbas savienojumu ugunsdro\u0161ai izb\u016bvei ar ugunsiztur\u012bbas klasi l\u012bdz EI 240. Ugunsgr\u0113ka apst\u0101k\u013cos, augstas temperat\u016bras ietekm\u0113, produkt\u0101 notiek endotermiskas reakcijas. Kr\u0101sa absorb\u0113 siltumu, iev\u0113rojami aizkav\u0113jot ugunsgr\u0113ka ietekmi uz konstrukcijas elementiem.<\/p>\n<p>Produktam ir BREEAM sertifik\u0101ts,<\/p>\n<p>&nbsp;<\/p>\n<p><a href=\"https:\/\/firestopstock.com\/wp-content\/uploads\/2025\/05\/INTU_FR_BOARD_A_TDS_EN_KO_2.0.pdf\" target=\"_blank\" rel=\"noopener noreferrer\"><img loading=\"lazy\" decoding=\"async\" class=\"size-full wp-image-2035 alignnone\" src=\"https:\/\/firestopstock.com\/wp-content\/uploads\/2018\/04\/pdf_icon.png\" alt=\"\" width=\"64\" height=\"64\" \/>INTU FR BOARD A TDS EN<\/a><\/p>\n<p><a href=\"https:\/\/firestopstock.com\/wp-content\/uploads\/2025\/05\/ETA-19_0037-of-28_06_2019-BOARD-A-linear-joint_EN.pdf\" target=\"_blank\" rel=\"noopener noreferrer\"><img loading=\"lazy\" decoding=\"async\" class=\"size-full wp-image-2035 alignnone\" src=\"https:\/\/firestopstock.com\/wp-content\/uploads\/2018\/04\/pdf_icon.png\" alt=\"\" width=\"64\" height=\"64\" \/>INTU FR BOARD A ETA EN<\/a><\/p>\n<p><a href=\"https:\/\/firestopstock.com\/wp-content\/uploads\/2025\/05\/CoC_1488-CPR-0763W-BOARD-A-linear-joint_EN.pdf\" target=\"_blank\" rel=\"noopener noreferrer\"><img loading=\"lazy\" decoding=\"async\" class=\"size-full wp-image-2035 alignnone\" src=\"https:\/\/firestopstock.com\/wp-content\/uploads\/2018\/04\/pdf_icon.png\" alt=\"\" width=\"64\" height=\"64\" \/>INTU FR BOARD A COC EN<\/a><\/p>\n<p><a href=\"https:\/\/firestopstock.com\/wp-content\/uploads\/2025\/05\/INTU_FR_BOARD_A_DoP-8_2024_linear_joints_EN.pdf\" target=\"_blank\" rel=\"noopener noreferrer\"><img loading=\"lazy\" decoding=\"async\" class=\"alignnone wp-image-2035 size-full\" src=\"https:\/\/firestopstock.com\/wp-content\/uploads\/2018\/04\/pdf_icon.png\" alt=\"\" width=\"64\" height=\"64\" \/><\/a><a href=\"https:\/\/firestopstock.com\/wp-content\/uploads\/2025\/05\/INTU_FR_BOARD_A_DoP-8_2024_linear_joints_EN.pdf\">INTU FR BOARD A DOP EN<\/a><\/p>\n<p><a href=\"https:\/\/firestopstock.com\/wp-content\/uploads\/2025\/05\/INTU_FR_BOARD_A_DoP-8_2024_linear_joints_EN.pdf\" target=\"_blank\" rel=\"noopener noreferrer\"><img loading=\"lazy\" decoding=\"async\" class=\"alignnone wp-image-2035 size-full\" src=\"https:\/\/firestopstock.com\/wp-content\/uploads\/2018\/04\/pdf_icon.png\" alt=\"\" width=\"64\" height=\"64\" \/><\/a><a href=\"https:\/\/firestopstock.com\/wp-content\/uploads\/2025\/05\/LV_DoP_6_20192023-BOARD-A_signed.pdf\" target=\"_blank\" rel=\"noopener\">LV_DoP_6_2019(2023) (BOARD A)_signed<\/a><\/p>\n<p><a href=\"https:\/\/firestopstock.com\/wp-content\/uploads\/2025\/05\/INTU-FR-BOARD-A_MSDS_EN_article.pdf\" target=\"_blank\" rel=\"noopener noreferrer\"><img loading=\"lazy\" decoding=\"async\" class=\"size-full wp-image-2035 alignnone\" src=\"https:\/\/firestopstock.com\/wp-content\/uploads\/2018\/04\/pdf_icon.png\" alt=\"\" width=\"64\" height=\"64\" \/>INTU FR BOARD A SDS EN<\/a><\/p>\n<p><a href=\"https:\/\/firestopstock.com\/wp-content\/uploads\/2025\/05\/INTU_FR_BOARD_A_BREEAM_EN.pdf\" target=\"_blank\" rel=\"noopener noreferrer\"><img loading=\"lazy\" decoding=\"async\" class=\"alignnone wp-image-2035 size-full\" src=\"https:\/\/firestopstock.com\/wp-content\/uploads\/2018\/04\/pdf_icon.png\" alt=\"\" width=\"64\" height=\"64\" \/><\/a><a href=\"https:\/\/firestopstock.com\/wp-content\/uploads\/2025\/05\/INTU_FR_BOARD_A_BREEAM_EN.pdf\">INTU FR BOARD A- ATTESTATION BREEAM<\/a><\/p>\n<p>&nbsp;<\/p>\n","protected":false},"featured_media":16862,"template":"","meta":[],"product_brand":[],"product_cat":[113],"product_tag":[],"class_list":{"0":"post-16860","1":"product","2":"type-product","3":"status-publish","4":"has-post-thumbnail","6":"product_cat-buvkonstrukciju-savienojumi-lv","8":"first","9":"instock","10":"shipping-taxable","11":"product-type-simple"},"_links":{"self":[{"href":"https:\/\/firestopstock.com\/lv\/wp-json\/wp\/v2\/product\/16860","targetHints":{"allow":["GET"]}}],"collection":[{"href":"https:\/\/firestopstock.com\/lv\/wp-json\/wp\/v2\/product"}],"about":[{"href":"https:\/\/firestopstock.com\/lv\/wp-json\/wp\/v2\/types\/product"}],"wp:featuredmedia":[{"embeddable":true,"href":"https:\/\/firestopstock.com\/lv\/wp-json\/wp\/v2\/media\/16862"}],"wp:attachment":[{"href":"https:\/\/firestopstock.com\/lv\/wp-json\/wp\/v2\/media?parent=16860"}],"wp:term":[{"taxonomy":"product_brand","embeddable":true,"href":"https:\/\/firestopstock.com\/lv\/wp-json\/wp\/v2\/product_brand?post=16860"},{"taxonomy":"product_cat","embeddable":true,"href":"https:\/\/firestopstock.com\/lv\/wp-json\/wp\/v2\/product_cat?post=16860"},{"taxonomy":"product_tag","embeddable":true,"href":"https:\/\/firestopstock.com\/lv\/wp-json\/wp\/v2\/product_tag?post=16860"}],"curies":[{"name":"wp","href":"https:\/\/api.w.org\/{rel}","templated":true}]}}