{"id":16921,"date":"2025-10-23T22:35:58","date_gmt":"2025-10-23T19:35:58","guid":{"rendered":"https:\/\/firestopstock.com\/?post_type=product&#038;p=16921"},"modified":"2025-10-28T22:06:09","modified_gmt":"2025-10-28T20:06:09","slug":"intu-fr-mortar-java","status":"publish","type":"product","link":"https:\/\/firestopstock.com\/lv\/product\/intu-fr-mortar-java\/","title":{"rendered":"INTU FR MORTAR"},"content":{"rendered":"","protected":false},"excerpt":{"rendered":"<p><strong>INTU FR MORTAR<\/strong> ir ugunsdro\u0161a java uz \u0123ip\u0161a b\u0101zes. Ugunsdro\u0161\u0101s javas m\u0113r\u0137is ir atjaunot neso\u0161o sienu un p\u0101rseguma konstrukciju ugunsdro\u0161\u012bbas r\u0101d\u012bt\u0101jus viet\u0101s, kur t\u0101s \u0161\u0137\u0113rso in\u017eenierkomunik\u0101cijas &#8211; da\u017e\u0101da veida kabe\u013ci un met\u0101la caurules. <strong>INTU FR MORTAR<\/strong> tiek pieg\u0101d\u0101ta k\u0101 sauss materi\u0101ls, un pirms uzst\u0101d\u012b\u0161anas to sajauc ar \u016bdeni vajadz\u012bgaj\u0101 proporcij\u0101. Sagatavot\u0101 veid\u0101, sien\u0101s t\u0101 ir pa\u0161neso\u0161a, p\u0101rsegumos ir nepiecie\u0161ams balsts &#8211; miner\u0101lvates pl\u0101ksne. Java efekt\u012bvi aizpilda spraugas \u0161\u0137\u0113rsojumos ap in\u017eenierkomunik\u0101cij\u0101m, nodro\u0161inot, ka konstrukciju viengabalain\u012bba un izol\u0101cijas \u012bpa\u0161\u012bbas saglab\u0101jas l\u012bdz EI240.<\/p>\n<p>&nbsp;<\/p>\n<p style=\"text-align: left;\"><a href=\"https:\/\/firestopstock.com\/wp-content\/uploads\/2025\/02\/INTU_FR_MORTAR_TDS_EN_KO_2.1.pdf\" target=\"_blank\" rel=\"noopener noreferrer\" data-wp-editing=\"1\"><img loading=\"lazy\" decoding=\"async\" class=\"size-full wp-image-2035 alignnone\" src=\"https:\/\/firestopstock.com\/wp-content\/uploads\/2018\/04\/pdf_icon.png\" alt=\"\" width=\"64\" height=\"64\" \/>INTU FR MORTAR TDS EN<\/a><\/p>\n<p style=\"text-align: left;\"><a href=\"https:\/\/firestopstock.com\/wp-content\/uploads\/2025\/02\/ETA-24_1229-of-16_12_2024-MORTAR_EN.pdf\" target=\"_blank\" rel=\"noopener noreferrer\"><img loading=\"lazy\" decoding=\"async\" class=\"size-full wp-image-2035 alignnone\" src=\"https:\/\/firestopstock.com\/wp-content\/uploads\/2018\/04\/pdf_icon.png\" alt=\"\" width=\"64\" height=\"64\" \/>INTU FR MORTAR ETA EN<\/a><\/p>\n<p><a href=\"https:\/\/firestopstock.com\/wp-content\/uploads\/2025\/05\/CoC_2821-CPR-0338-MORTAR_EN.pdf\" target=\"_blank\" rel=\"noopener noreferrer\"><img loading=\"lazy\" decoding=\"async\" class=\"size-full wp-image-2035 alignnone\" src=\"https:\/\/firestopstock.com\/wp-content\/uploads\/2018\/04\/pdf_icon.png\" alt=\"\" width=\"64\" height=\"64\" \/>INTU FR MORTAR COC EN<\/a><\/p>\n<p><a href=\"https:\/\/firestopstock.com\/wp-content\/uploads\/2025\/02\/DoP_9-2024-MORTAR_EN.pdf\" target=\"_blank\" rel=\"noopener noreferrer\"><img loading=\"lazy\" decoding=\"async\" class=\"size-full wp-image-2035 alignnone\" src=\"https:\/\/firestopstock.com\/wp-content\/uploads\/2018\/04\/pdf_icon.png\" alt=\"\" width=\"64\" height=\"64\" \/>INTU FR MORTAR DOP EN<\/a><\/p>\n<p><a href=\"https:\/\/firestopstock.com\/wp-content\/uploads\/2025\/02\/INTU-FR-MORTAR_MSDS_EN.pdf\" target=\"_blank\" rel=\"noopener noreferrer\"><img loading=\"lazy\" decoding=\"async\" class=\"size-full wp-image-2035 alignnone\" src=\"https:\/\/firestopstock.com\/wp-content\/uploads\/2018\/04\/pdf_icon.png\" alt=\"\" width=\"64\" height=\"64\" \/>INTU FR MORTAR MSDS EN<\/a><\/p>\n<p>&nbsp;<\/p>\n<p><a href=\"https:\/\/firestopstock.com\/wp-content\/uploads\/2025\/02\/INTU-FR-MORTAR_MSDS_EN.pdf\" target=\"_blank\" rel=\"noopener noreferrer\"><img loading=\"lazy\" decoding=\"async\" class=\"size-full wp-image-2035 alignnone\" src=\"https:\/\/firestopstock.com\/wp-content\/uploads\/2018\/04\/pdf_icon.png\" alt=\"\" width=\"64\" height=\"64\" \/><\/a><a href=\"https:\/\/firestopstock.com\/wp-content\/uploads\/2025\/10\/LV_INTU-FR-MORTAR_MSDS_EN.pdf\">LV_INTU-FR-MORTAR_MSDS_EN<\/a><\/p>\n<p>&nbsp;<\/p>\n<p><a href=\"https:\/\/firestopstock.com\/wp-content\/uploads\/2025\/02\/INTU-FR-MORTAR_MSDS_EN.pdf\" target=\"_blank\" rel=\"noopener noreferrer\"><img loading=\"lazy\" decoding=\"async\" class=\"size-full wp-image-2035 alignnone\" src=\"https:\/\/firestopstock.com\/wp-content\/uploads\/2018\/04\/pdf_icon.png\" alt=\"\" width=\"64\" height=\"64\" \/><\/a><a href=\"https:\/\/firestopstock.com\/wp-content\/uploads\/2025\/10\/LV_DoP_9-2024-MORTAR_LV.pdf\">LV_DoP_9-2024-MORTAR_LV<\/a><\/p>\n","protected":false},"featured_media":16917,"template":"","meta":[],"product_brand":[],"product_cat":[123,124,122,121],"product_tag":[],"class_list":{"0":"post-16921","1":"product","2":"type-product","3":"status-publish","4":"has-post-thumbnail","6":"product_cat-elektriba-vajstrava-lv","7":"product_cat-kombinetie-skersojumi-lv","8":"product_cat-nedegosas-caurules-lv","9":"product_cat-nedegosas-caurules-ar-degosu-izolaciju-lv","11":"first","12":"instock","13":"shipping-taxable","14":"product-type-simple"},"_links":{"self":[{"href":"https:\/\/firestopstock.com\/lv\/wp-json\/wp\/v2\/product\/16921","targetHints":{"allow":["GET"]}}],"collection":[{"href":"https:\/\/firestopstock.com\/lv\/wp-json\/wp\/v2\/product"}],"about":[{"href":"https:\/\/firestopstock.com\/lv\/wp-json\/wp\/v2\/types\/product"}],"wp:featuredmedia":[{"embeddable":true,"href":"https:\/\/firestopstock.com\/lv\/wp-json\/wp\/v2\/media\/16917"}],"wp:attachment":[{"href":"https:\/\/firestopstock.com\/lv\/wp-json\/wp\/v2\/media?parent=16921"}],"wp:term":[{"taxonomy":"product_brand","embeddable":true,"href":"https:\/\/firestopstock.com\/lv\/wp-json\/wp\/v2\/product_brand?post=16921"},{"taxonomy":"product_cat","embeddable":true,"href":"https:\/\/firestopstock.com\/lv\/wp-json\/wp\/v2\/product_cat?post=16921"},{"taxonomy":"product_tag","embeddable":true,"href":"https:\/\/firestopstock.com\/lv\/wp-json\/wp\/v2\/product_tag?post=16921"}],"curies":[{"name":"wp","href":"https:\/\/api.w.org\/{rel}","templated":true}]}}