{"id":16941,"date":"2025-10-28T22:53:18","date_gmt":"2025-10-28T20:53:18","guid":{"rendered":"https:\/\/firestopstock.com\/?post_type=product&#038;p=16941"},"modified":"2025-10-28T23:03:27","modified_gmt":"2025-10-28T21:03:27","slug":"alfa-fireguard-3-copy","status":"publish","type":"product","link":"https:\/\/firestopstock.com\/lv\/product\/alfa-fireguard-3-copy\/","title":{"rendered":"ALFA FIREGUARD 3"},"content":{"rendered":"","protected":false},"excerpt":{"rendered":"<p><strong>ALFA FIREGUARD 3<\/strong> ir elast\u012bgs pakl\u0101js, kas paredz\u0113ts ventil\u0101cijas sk\u0101rda gaisa vadu (saska\u0146\u0101 ar EN1366-1) ugunsaizsardz\u012bbai, ja tie ir pak\u013cauti \u0101r\u0113jas uguns un temperat\u016bras ietekmei.<\/p>\n<p>Produkts ir akmens vates spilvens, kas uz\u0161\u016bts uz met\u0101la sieta. Atkl\u0101t\u0101 puse ir p\u0101rkl\u0101ta ar arm\u0113tu alum\u012bnija foliju, bet iek\u0161\u0113j\u0101 puse ir p\u0101rkl\u0101ta ar stikla \u0161\u0137iedras audumu, kas apstr\u0101d\u0101ts ar ablat\u012bvu p\u0101rkl\u0101jumu. Ar sal\u012bdzino\u0161i nelielo 30 mm biezumu pakl\u0101ju ir viegli uzkl\u0101t pat uz izliektiem profiliem, un tas nep\u0101rslogo atbalsta un iekares konstrukcijas (profilus), kas ir sertific\u0113ti bez aizsardz\u012bbas.<\/p>\n<p>&nbsp;<\/p>\n<p style=\"text-align: left;\"><a href=\"https:\/\/firestopstock.com\/wp-content\/uploads\/2025\/02\/ALFA_FIREGUARD_3_TDS_EN_KO_2.1.pdf\" target=\"_blank\" rel=\"noopener noreferrer\" data-wp-editing=\"1\"><img loading=\"lazy\" decoding=\"async\" class=\"size-full wp-image-2035 alignnone\" src=\"https:\/\/firestopstock.com\/wp-content\/uploads\/2018\/04\/pdf_icon.png\" alt=\"\" width=\"64\" height=\"64\" \/>ALFA FIREGUARD 3 TDS EN<\/a><\/p>\n<p style=\"text-align: left;\"><a href=\"https:\/\/firestopstock.com\/wp-content\/uploads\/2025\/02\/ETA-25-0029-of-16_01_2025-ALFA-FIREGUARD-3_EN.pdf\" target=\"_blank\" rel=\"noopener noreferrer\"><img loading=\"lazy\" decoding=\"async\" class=\"size-full wp-image-2035 alignnone\" src=\"https:\/\/firestopstock.com\/wp-content\/uploads\/2018\/04\/pdf_icon.png\" alt=\"\" width=\"64\" height=\"64\" \/>ALFA FIREGUARD 3 ETA EN<\/a><\/p>\n<p><a href=\"https:\/\/firestopstock.com\/wp-content\/uploads\/2025\/02\/CoC_1292-CPR-116247-ALFA-FIREGUARD-3_EN.pdf\" target=\"_blank\" rel=\"noopener noreferrer\"><img loading=\"lazy\" decoding=\"async\" class=\"size-full wp-image-2035 alignnone\" src=\"https:\/\/firestopstock.com\/wp-content\/uploads\/2018\/04\/pdf_icon.png\" alt=\"\" width=\"64\" height=\"64\" \/>ALFA FIREGUARD 3 COC EN<\/a><\/p>\n<p><a href=\"https:\/\/firestopstock.com\/wp-content\/uploads\/2025\/02\/DoP_1-2025-ALFA-FIREGUARD-3_EN.pdf\" target=\"_blank\" rel=\"noopener noreferrer\"><img loading=\"lazy\" decoding=\"async\" class=\"size-full wp-image-2035 alignnone\" src=\"https:\/\/firestopstock.com\/wp-content\/uploads\/2018\/04\/pdf_icon.png\" alt=\"\" width=\"64\" height=\"64\" \/>ALFA FIREGUARD 3 DOP EN<\/a><\/p>\n<p><a href=\"https:\/\/firestopstock.com\/wp-content\/uploads\/2025\/02\/INTU-FR-UNIBOARD_MSDS_EN_article.pdf\" target=\"_blank\" rel=\"noopener noreferrer\"><img loading=\"lazy\" decoding=\"async\" class=\"size-full wp-image-2035 alignnone\" src=\"https:\/\/firestopstock.com\/wp-content\/uploads\/2018\/04\/pdf_icon.png\" alt=\"\" width=\"64\" height=\"64\" \/>ALFA FIREGUARD 3 MSDS EN<\/a><\/p>\n","protected":false},"featured_media":16942,"template":"","meta":[],"product_brand":[],"product_cat":[120],"product_tag":[],"class_list":{"0":"post-16941","1":"product","2":"type-product","3":"status-publish","4":"has-post-thumbnail","6":"product_cat-ventilacija-lv","8":"first","9":"instock","10":"shipping-taxable","11":"product-type-simple"},"_links":{"self":[{"href":"https:\/\/firestopstock.com\/lv\/wp-json\/wp\/v2\/product\/16941","targetHints":{"allow":["GET"]}}],"collection":[{"href":"https:\/\/firestopstock.com\/lv\/wp-json\/wp\/v2\/product"}],"about":[{"href":"https:\/\/firestopstock.com\/lv\/wp-json\/wp\/v2\/types\/product"}],"wp:featuredmedia":[{"embeddable":true,"href":"https:\/\/firestopstock.com\/lv\/wp-json\/wp\/v2\/media\/16942"}],"wp:attachment":[{"href":"https:\/\/firestopstock.com\/lv\/wp-json\/wp\/v2\/media?parent=16941"}],"wp:term":[{"taxonomy":"product_brand","embeddable":true,"href":"https:\/\/firestopstock.com\/lv\/wp-json\/wp\/v2\/product_brand?post=16941"},{"taxonomy":"product_cat","embeddable":true,"href":"https:\/\/firestopstock.com\/lv\/wp-json\/wp\/v2\/product_cat?post=16941"},{"taxonomy":"product_tag","embeddable":true,"href":"https:\/\/firestopstock.com\/lv\/wp-json\/wp\/v2\/product_tag?post=16941"}],"curies":[{"name":"wp","href":"https:\/\/api.w.org\/{rel}","templated":true}]}}