{"id":16945,"date":"2025-10-28T23:06:25","date_gmt":"2025-10-28T21:06:25","guid":{"rendered":"https:\/\/firestopstock.com\/?post_type=product&#038;p=16945"},"modified":"2025-10-28T23:21:45","modified_gmt":"2025-10-28T21:21:45","slug":"intu-fr-uniboard","status":"publish","type":"product","link":"https:\/\/firestopstock.com\/lv\/product\/intu-fr-uniboard\/","title":{"rendered":"INTU FR UNIBOARD"},"content":{"rendered":"","protected":false},"excerpt":{"rendered":"<p><strong>INTU FR UNICOAT P<\/strong>, <strong>INTU FR UNIBOARD 1S<\/strong> un <strong>INTU FR UNIBOARD 2S<\/strong> paredz\u0113ts nodro\u0161in\u0101t re\u0123ip\u0161a starpsienu, m\u016bra sienu vai p\u0101rseguma konstrukciju ugunsiztur\u012bbu viet\u0101s, kur t\u0101s \u0161\u0137\u0113rso in\u017eenierkomunik\u0101cijas: lieli kabe\u013cu \u0161\u0137\u0113rsojumi vai kombin\u0113ti vair\u0101ku cauru\u013cu \u0161\u0137\u0113rsojumi. <strong>INTU FR UNIBOARD<\/strong> ir miner\u0101lvates pl\u0101ksne ar minim\u0101lo nomin\u0101lo bl\u012bvumu 140,0 kg\/m3. Miner\u0101lvates pl\u0101ksne ir kr\u0101sota ar<strong>INTU FR UNICOAT P<\/strong>.<\/p>\n<p>&nbsp;<\/p>\n<p style=\"text-align: left;\"><a href=\"https:\/\/firestopstock.com\/wp-content\/uploads\/2025\/05\/INTU_FR_UNIBOARD_TDS_EN_KO_2.2.pdf\" target=\"_blank\" rel=\"noopener noreferrer\" data-wp-editing=\"1\"><img loading=\"lazy\" decoding=\"async\" class=\"size-full wp-image-2035 alignnone\" src=\"https:\/\/firestopstock.com\/wp-content\/uploads\/2018\/04\/pdf_icon.png\" alt=\"\" width=\"64\" height=\"64\" \/>INTU FR UNIBOARD TDS EN<\/a><\/p>\n<p style=\"text-align: left;\"><a href=\"https:\/\/firestopstock.com\/wp-content\/uploads\/2025\/05\/ETA-24_1047-of-19_12_2024-UNIBOARD-UNICOAT-P_EN-1.pdf\" target=\"_blank\" rel=\"noopener noreferrer\"><img loading=\"lazy\" decoding=\"async\" class=\"size-full wp-image-2035 alignnone\" src=\"https:\/\/firestopstock.com\/wp-content\/uploads\/2018\/04\/pdf_icon.png\" alt=\"\" width=\"64\" height=\"64\" \/>INTU FR UNIBOARD ETA EN<\/a><\/p>\n<p><a href=\"https:\/\/firestopstock.com\/wp-content\/uploads\/2025\/05\/CoC_1488_CPR_1149W-UNICOAT-P-UNIBOARD_EN-1.pdf\" target=\"_blank\" rel=\"noopener noreferrer\"><img loading=\"lazy\" decoding=\"async\" class=\"size-full wp-image-2035 alignnone\" src=\"https:\/\/firestopstock.com\/wp-content\/uploads\/2018\/04\/pdf_icon.png\" alt=\"\" width=\"64\" height=\"64\" \/>INTU FR UNIBOARD COC EN<\/a><\/p>\n<p><a href=\"https:\/\/firestopstock.com\/wp-content\/uploads\/2025\/05\/DoP_5_2024-UNIBOARD_EN.pdf\" target=\"_blank\" rel=\"noopener noreferrer\"><img loading=\"lazy\" decoding=\"async\" class=\"size-full wp-image-2035 alignnone\" src=\"https:\/\/firestopstock.com\/wp-content\/uploads\/2018\/04\/pdf_icon.png\" alt=\"\" width=\"64\" height=\"64\" \/>INTU FR UNIBOARD DOP EN<\/a><\/p>\n<p><a href=\"https:\/\/firestopstock.com\/wp-content\/uploads\/2025\/05\/INTU-FR-UNIBOARD_MSDS_EN_article.pdf\" target=\"_blank\" rel=\"noopener noreferrer\"><img loading=\"lazy\" decoding=\"async\" class=\"size-full wp-image-2035 alignnone\" src=\"https:\/\/firestopstock.com\/wp-content\/uploads\/2018\/04\/pdf_icon.png\" alt=\"\" width=\"64\" height=\"64\" \/>INTU FR UNIBOARD MSDS EN<\/a><\/p>\n<p>&nbsp;<\/p>\n<p><a href=\"https:\/\/firestopstock.com\/wp-content\/uploads\/2025\/05\/INTU-FR-UNIBOARD_MSDS_EN_article.pdf\" target=\"_blank\" rel=\"noopener noreferrer\"><img loading=\"lazy\" decoding=\"async\" class=\"size-full wp-image-2035 alignnone\" src=\"https:\/\/firestopstock.com\/wp-content\/uploads\/2018\/04\/pdf_icon.png\" alt=\"\" width=\"64\" height=\"64\" \/><\/a><a href=\"https:\/\/firestopstock.com\/wp-content\/uploads\/2025\/10\/LV_INTU-FR-UNIBOARD_MSDS_EN_article.pdf\">LV_INTU-FR-UNIBOARD_MSDS_EN_article<\/a><\/p>\n<p>&nbsp;<\/p>\n<p><a href=\"https:\/\/firestopstock.com\/wp-content\/uploads\/2025\/05\/INTU-FR-UNIBOARD_MSDS_EN_article.pdf\" target=\"_blank\" rel=\"noopener noreferrer\"><img loading=\"lazy\" decoding=\"async\" class=\"size-full wp-image-2035 alignnone\" src=\"https:\/\/firestopstock.com\/wp-content\/uploads\/2018\/04\/pdf_icon.png\" alt=\"\" width=\"64\" height=\"64\" \/><\/a><a href=\"https:\/\/firestopstock.com\/wp-content\/uploads\/2025\/10\/LV_DoP_6_2024-UNICOAT-P_EN_signed.pdf\">LV_DoP_6_2024-UNICOAT-P_EN_signed<\/a><\/p>\n","protected":false},"featured_media":16946,"template":"","meta":[],"product_brand":[],"product_cat":[114,123,124,122,121],"product_tag":[],"class_list":{"0":"post-16945","1":"product","2":"type-product","3":"status-publish","4":"has-post-thumbnail","6":"product_cat-degosas-caurules-lv","7":"product_cat-elektriba-vajstrava-lv","8":"product_cat-kombinetie-skersojumi-lv","9":"product_cat-nedegosas-caurules-lv","10":"product_cat-nedegosas-caurules-ar-degosu-izolaciju-lv","12":"first","13":"instock","14":"shipping-taxable","15":"product-type-simple"},"_links":{"self":[{"href":"https:\/\/firestopstock.com\/lv\/wp-json\/wp\/v2\/product\/16945","targetHints":{"allow":["GET"]}}],"collection":[{"href":"https:\/\/firestopstock.com\/lv\/wp-json\/wp\/v2\/product"}],"about":[{"href":"https:\/\/firestopstock.com\/lv\/wp-json\/wp\/v2\/types\/product"}],"wp:featuredmedia":[{"embeddable":true,"href":"https:\/\/firestopstock.com\/lv\/wp-json\/wp\/v2\/media\/16946"}],"wp:attachment":[{"href":"https:\/\/firestopstock.com\/lv\/wp-json\/wp\/v2\/media?parent=16945"}],"wp:term":[{"taxonomy":"product_brand","embeddable":true,"href":"https:\/\/firestopstock.com\/lv\/wp-json\/wp\/v2\/product_brand?post=16945"},{"taxonomy":"product_cat","embeddable":true,"href":"https:\/\/firestopstock.com\/lv\/wp-json\/wp\/v2\/product_cat?post=16945"},{"taxonomy":"product_tag","embeddable":true,"href":"https:\/\/firestopstock.com\/lv\/wp-json\/wp\/v2\/product_tag?post=16945"}],"curies":[{"name":"wp","href":"https:\/\/api.w.org\/{rel}","templated":true}]}}