{"id":17008,"date":"2026-01-21T23:14:09","date_gmt":"2026-01-21T21:14:09","guid":{"rendered":"https:\/\/firestopstock.com\/?post_type=product&#038;p=17008"},"modified":"2026-01-21T23:35:37","modified_gmt":"2026-01-21T21:35:37","slug":"intu-fr-collar-l-slim","status":"publish","type":"product","link":"https:\/\/firestopstock.com\/lv\/product\/intu-fr-collar-l-slim\/","title":{"rendered":"INTU FR COLLAR L SLIM"},"content":{"rendered":"","protected":false},"excerpt":{"rendered":"<p><strong>INTU FR COLLAR L SLIM<\/strong> man\u0161ete ietver divus vai vair\u0101kus intumesc\u0113jo\u0161a, uz graf\u012bta b\u0101zes veidota oder\u0113juma sl\u0101\u0146us, ar nomin\u0101lo biezumu 2 mm un platumu 30 mm, kuri ievietoti t\u0113rauda korpus\u0101, kas izgatavots no 0,5 mm biezas ner\u016bs\u0113jo\u0161\u0101 t\u0113rauda loksnes. <strong>INTU FR COLLAR L SLIM<\/strong> korpuss ir apr\u012bkots ar stiprin\u0101juma elementiem, ar kuriem man\u0161ete tiek piestiprin\u0101ta pie ugunsdro\u0161\u0101 nodal\u012bjuma konstrukcijas. Elementu skaits ir atkar\u012bgs no man\u0161etes izm\u0113ra.<\/p>\n<p>&nbsp;<\/p>\n<p><a href=\"https:\/\/firestopstock.com\/wp-content\/uploads\/2025\/05\/INTU_FR_COLLAR_L_SLIM_TDS_EN_KO_2.2.pdf\" target=\"_blank\" rel=\"noopener noreferrer\"><img loading=\"lazy\" decoding=\"async\" class=\"alignnone size-full wp-image-1102\" src=\"https:\/\/firestopstock.com\/wp-content\/uploads\/2017\/05\/52ff0e80b07d28b590bbc4b30befde52.png\" alt=\"\" width=\"64\" height=\"64\" \/> INTU FR COLLAR L SLIM TDS EN<\/a><\/p>\n<p><a href=\"https:\/\/firestopstock.com\/wp-content\/uploads\/2025\/05\/ETA-24_0497-of-26_08_2024-COLLAR-L-SLIM_EN.pdf\" target=\"_blank\" rel=\"noopener noreferrer\"><img loading=\"lazy\" decoding=\"async\" class=\"size-full wp-image-2035 alignnone\" src=\"https:\/\/firestopstock.com\/wp-content\/uploads\/2018\/04\/pdf_icon.png\" alt=\"\" width=\"64\" height=\"64\" \/>INTU FR COLLAR L SLIM ETA EN<\/a><\/p>\n<p><a href=\"https:\/\/firestopstock.com\/wp-content\/uploads\/2025\/05\/CoC_1488-CPR-1130W-INTU-FR-COLLAR-L-SLIM_EN.pdf\" target=\"_blank\" rel=\"noopener noreferrer\"><img loading=\"lazy\" decoding=\"async\" class=\"size-full wp-image-2035 alignnone\" src=\"https:\/\/firestopstock.com\/wp-content\/uploads\/2018\/04\/pdf_icon.png\" alt=\"\" width=\"64\" height=\"64\" \/>INTU FR COLLAR L SLIM COC EN<\/a><\/p>\n<p><a href=\"https:\/\/firestopstock.com\/wp-content\/uploads\/2025\/05\/DoP_2_2024-INTU-FR-COLLAR-L-SLIM_EN.pdf\" target=\"_blank\" rel=\"noopener noreferrer\"><img loading=\"lazy\" decoding=\"async\" class=\"alignnone wp-image-2035 size-full\" src=\"https:\/\/firestopstock.com\/wp-content\/uploads\/2018\/04\/pdf_icon.png\" alt=\"\" width=\"64\" height=\"64\" \/><\/a><a href=\"https:\/\/firestopstock.com\/wp-content\/uploads\/2025\/05\/DoP_2_2024-INTU-FR-COLLAR-L-SLIM_EN.pdf\">INTU FR COLLAR L SLIM DOP EN<\/a><\/p>\n<p><a href=\"https:\/\/firestopstock.com\/wp-content\/uploads\/2025\/05\/INTU-FR-COLLAR-L-SLIM-_MSDS_EN_article.pdf\" target=\"_blank\" rel=\"noopener noreferrer\"><img loading=\"lazy\" decoding=\"async\" class=\"size-full wp-image-2035 alignnone\" src=\"https:\/\/firestopstock.com\/wp-content\/uploads\/2018\/04\/pdf_icon.png\" alt=\"\" width=\"64\" height=\"64\" \/>INTU FR COLLAR L SLIM SDS EN<\/a><\/p>\n<p><a href=\"https:\/\/firestopstock.com\/wp-content\/uploads\/2025\/05\/INTU-FR-COLLAR-L-SLIM-_MSDS_EN_article.pdf\" target=\"_blank\" rel=\"noopener noreferrer\"><img loading=\"lazy\" decoding=\"async\" class=\"size-full wp-image-2035 alignnone\" src=\"https:\/\/firestopstock.com\/wp-content\/uploads\/2018\/04\/pdf_icon.png\" alt=\"\" width=\"64\" height=\"64\" \/><\/a><a href=\"https:\/\/firestopstock.com\/wp-content\/uploads\/2026\/01\/BREEAM-Attestation.pdf\">BREEAM-Attestation<\/a><\/p>\n<p>&nbsp;<\/p>\n<p><a href=\"https:\/\/firestopstock.com\/wp-content\/uploads\/2025\/05\/INTU-FR-COLLAR-L-SLIM-_MSDS_EN_article.pdf\" target=\"_blank\" rel=\"noopener noreferrer\"><img loading=\"lazy\" decoding=\"async\" class=\"size-full wp-image-2035 alignnone\" src=\"https:\/\/firestopstock.com\/wp-content\/uploads\/2018\/04\/pdf_icon.png\" alt=\"\" width=\"64\" height=\"64\" \/><\/a><a href=\"https:\/\/firestopstock.com\/wp-content\/uploads\/2026\/01\/LV_INTU-FR-COLLAR-L_EID_11_06_2021_LV.pdf\">LV_INTU FR COLLAR L_EID_11_06_2021)_LV<\/a><\/p>\n<p>&nbsp;<\/p>\n","protected":false},"featured_media":17011,"template":"","meta":[],"product_brand":[],"product_cat":[114,123,124,122,121],"product_tag":[],"class_list":{"0":"post-17008","1":"product","2":"type-product","3":"status-publish","4":"has-post-thumbnail","6":"product_cat-degosas-caurules-lv","7":"product_cat-elektriba-vajstrava-lv","8":"product_cat-kombinetie-skersojumi-lv","9":"product_cat-nedegosas-caurules-lv","10":"product_cat-nedegosas-caurules-ar-degosu-izolaciju-lv","12":"first","13":"instock","14":"shipping-taxable","15":"product-type-simple"},"_links":{"self":[{"href":"https:\/\/firestopstock.com\/lv\/wp-json\/wp\/v2\/product\/17008","targetHints":{"allow":["GET"]}}],"collection":[{"href":"https:\/\/firestopstock.com\/lv\/wp-json\/wp\/v2\/product"}],"about":[{"href":"https:\/\/firestopstock.com\/lv\/wp-json\/wp\/v2\/types\/product"}],"wp:featuredmedia":[{"embeddable":true,"href":"https:\/\/firestopstock.com\/lv\/wp-json\/wp\/v2\/media\/17011"}],"wp:attachment":[{"href":"https:\/\/firestopstock.com\/lv\/wp-json\/wp\/v2\/media?parent=17008"}],"wp:term":[{"taxonomy":"product_brand","embeddable":true,"href":"https:\/\/firestopstock.com\/lv\/wp-json\/wp\/v2\/product_brand?post=17008"},{"taxonomy":"product_cat","embeddable":true,"href":"https:\/\/firestopstock.com\/lv\/wp-json\/wp\/v2\/product_cat?post=17008"},{"taxonomy":"product_tag","embeddable":true,"href":"https:\/\/firestopstock.com\/lv\/wp-json\/wp\/v2\/product_tag?post=17008"}],"curies":[{"name":"wp","href":"https:\/\/api.w.org\/{rel}","templated":true}]}}