{"id":17021,"date":"2026-01-21T23:36:38","date_gmt":"2026-01-21T21:36:38","guid":{"rendered":"https:\/\/firestopstock.com\/?post_type=product&#038;p=17021"},"modified":"2026-01-21T23:47:34","modified_gmt":"2026-01-21T21:47:34","slug":"intu-fr-unicoat-p","status":"publish","type":"product","link":"https:\/\/firestopstock.com\/lv\/product\/intu-fr-unicoat-p\/","title":{"rendered":"INTU FR UNICOAT P"},"content":{"rendered":"","protected":false},"excerpt":{"rendered":"<p>Ablat\u012bv\u0101s kr\u0101sas <strong>INTU FR UNICOAT P<\/strong> paredz\u0113tais pielietojums ir nodro\u0161in\u0101t sienu un p\u0101rseguma konstrukciju ugunsiztur\u012bbas r\u0101d\u012bt\u0101jus viet\u0101s, kur t\u0101s \u0161\u0137\u0113rso in\u017eenierkomunik\u0101cijas: kabe\u013cu trepes, kabe\u013cu sai\u0161\u0137i, viena vai vair\u0101kas dego\u0161as vai nedego\u0161as caurules. <strong>INTU FR UNICOAT P<\/strong> kr\u0101sa j\u0101uzkl\u0101j noteikt\u0101 garum\u0101 un ar nepiecie\u0161amo saus\u0101 sl\u0101\u0146a biezumu.<\/p>\n<p>&nbsp;<\/p>\n<p style=\"text-align: left;\"><a href=\"https:\/\/firestopstock.com\/wp-content\/uploads\/2025\/05\/INTU_FR_UNICOAT_P_TDS_EN_KO_2.2.pdf\" target=\"_blank\" rel=\"noopener noreferrer\"><img loading=\"lazy\" decoding=\"async\" class=\"size-full wp-image-2035 alignnone\" src=\"https:\/\/firestopstock.com\/wp-content\/uploads\/2018\/04\/pdf_icon.png\" alt=\"\" width=\"64\" height=\"64\" \/>INTU FR UNICOAT P TDS EN<\/a><\/p>\n<p style=\"text-align: left;\"><a href=\"https:\/\/firestopstock.com\/wp-content\/uploads\/2025\/05\/ETA-24_1047-of-19_12_2024-UNIBOARD-UNICOAT-P_EN.pdf\" target=\"_blank\" rel=\"noopener noreferrer\"><img loading=\"lazy\" decoding=\"async\" class=\"size-full wp-image-2035 alignnone\" src=\"https:\/\/firestopstock.com\/wp-content\/uploads\/2018\/04\/pdf_icon.png\" alt=\"\" width=\"64\" height=\"64\" \/>INTU FR UNICOAT P ETA EN<\/a><\/p>\n<p><a href=\"https:\/\/firestopstock.com\/wp-content\/uploads\/2025\/05\/CoC_1488_CPR_1149W-UNICOAT-P-UNIBOARD_EN.pdf\" target=\"_blank\" rel=\"noopener noreferrer\"><img loading=\"lazy\" decoding=\"async\" class=\"size-full wp-image-2035 alignnone\" src=\"https:\/\/firestopstock.com\/wp-content\/uploads\/2018\/04\/pdf_icon.png\" alt=\"\" width=\"64\" height=\"64\" \/>INTU FR UNICOAT P COC EN<\/a><\/p>\n<p><a href=\"https:\/\/firestopstock.com\/wp-content\/uploads\/2025\/05\/DoP_6_2024-UNICOAT-P_EN.pdf\" target=\"_blank\" rel=\"noopener noreferrer\"><img loading=\"lazy\" decoding=\"async\" class=\"size-full wp-image-2035 alignnone\" src=\"https:\/\/firestopstock.com\/wp-content\/uploads\/2018\/04\/pdf_icon.png\" alt=\"\" width=\"64\" height=\"64\" \/>INTU FR UNICOAT P DECLARATION OF PERFOMANCE EN<\/a><\/p>\n<p><a href=\"https:\/\/firestopstock.com\/wp-content\/uploads\/2025\/05\/INTU-FR-UNICOAT-P_MSDS_EN.pdf\" target=\"_blank\" rel=\"noopener noreferrer\"><img loading=\"lazy\" decoding=\"async\" class=\"size-full wp-image-2035 alignnone\" src=\"https:\/\/firestopstock.com\/wp-content\/uploads\/2018\/04\/pdf_icon.png\" alt=\"\" width=\"64\" height=\"64\" \/>INTU FR UNICOAT P MSDS EN<\/a><\/p>\n<p><a href=\"https:\/\/firestopstock.com\/wp-content\/uploads\/2025\/05\/INTU-FR-UNICOAT-P_MSDS_EN.pdf\" target=\"_blank\" rel=\"noopener noreferrer\"><img loading=\"lazy\" decoding=\"async\" class=\"size-full wp-image-2035 alignnone\" src=\"https:\/\/firestopstock.com\/wp-content\/uploads\/2018\/04\/pdf_icon.png\" alt=\"\" width=\"64\" height=\"64\" \/><\/a><a href=\"https:\/\/firestopstock.com\/wp-content\/uploads\/2026\/01\/LV_DoP_6_2024-UNICOAT-P_LV.pdf\">LV_DoP_6_2024-UNICOAT-P_LV<\/a><\/p>\n","protected":false},"featured_media":17025,"template":"","meta":[],"product_brand":[],"product_cat":[123,124,122],"product_tag":[],"class_list":{"0":"post-17021","1":"product","2":"type-product","3":"status-publish","4":"has-post-thumbnail","6":"product_cat-elektriba-vajstrava-lv","7":"product_cat-kombinetie-skersojumi-lv","8":"product_cat-nedegosas-caurules-lv","10":"first","11":"instock","12":"shipping-taxable","13":"product-type-simple"},"_links":{"self":[{"href":"https:\/\/firestopstock.com\/lv\/wp-json\/wp\/v2\/product\/17021","targetHints":{"allow":["GET"]}}],"collection":[{"href":"https:\/\/firestopstock.com\/lv\/wp-json\/wp\/v2\/product"}],"about":[{"href":"https:\/\/firestopstock.com\/lv\/wp-json\/wp\/v2\/types\/product"}],"wp:featuredmedia":[{"embeddable":true,"href":"https:\/\/firestopstock.com\/lv\/wp-json\/wp\/v2\/media\/17025"}],"wp:attachment":[{"href":"https:\/\/firestopstock.com\/lv\/wp-json\/wp\/v2\/media?parent=17021"}],"wp:term":[{"taxonomy":"product_brand","embeddable":true,"href":"https:\/\/firestopstock.com\/lv\/wp-json\/wp\/v2\/product_brand?post=17021"},{"taxonomy":"product_cat","embeddable":true,"href":"https:\/\/firestopstock.com\/lv\/wp-json\/wp\/v2\/product_cat?post=17021"},{"taxonomy":"product_tag","embeddable":true,"href":"https:\/\/firestopstock.com\/lv\/wp-json\/wp\/v2\/product_tag?post=17021"}],"curies":[{"name":"wp","href":"https:\/\/api.w.org\/{rel}","templated":true}]}}