{"id":17043,"date":"2026-01-22T00:04:46","date_gmt":"2026-01-21T22:04:46","guid":{"rendered":"https:\/\/firestopstock.com\/?post_type=product&#038;p=17043"},"modified":"2026-01-22T00:17:14","modified_gmt":"2026-01-21T22:17:14","slug":"intu-fr-graphite","status":"publish","type":"product","link":"https:\/\/firestopstock.com\/lv\/product\/intu-fr-graphite\/","title":{"rendered":"INTU FR GRAPHITE"},"content":{"rendered":"","protected":false},"excerpt":{"rendered":"<p><strong>INTU FR GRAPHITE<\/strong> ir graf\u012bta ugunsdro\u0161a masa, kura uguns ietekm\u0113 uzbriest, aizverot atv\u0113rumu un spraugas ap in\u017eenierkomunik\u0101ciju, radot herm\u0113tisku barjeru, kura nodro\u0161ina \u0161\u0137\u0113rsojuma ugunsiztur\u012bbu l\u012bdz EI 120.<\/p>\n<p>&nbsp;<\/p>\n<p><a href=\"https:\/\/firestopstock.com\/wp-content\/uploads\/2025\/05\/INTU_FR_GRAPHITE_TDS_EN_KO_2.0.pdf\" target=\"_blank\" rel=\"noopener noreferrer\"><img loading=\"lazy\" decoding=\"async\" class=\"alignnone size-full wp-image-1102\" src=\"https:\/\/firestopstock.com\/wp-content\/uploads\/2017\/05\/52ff0e80b07d28b590bbc4b30befde52.png\" alt=\"\" width=\"64\" height=\"64\" \/> INTU FR GRAPHITE TDS EN<\/a><\/p>\n<p><a href=\"https:\/\/firestopstock.com\/wp-content\/uploads\/2025\/05\/ETA-24_0152-of-28_03_2024-GRAPHITE_EN.pdf\" target=\"_blank\" rel=\"noopener noreferrer\"><img loading=\"lazy\" decoding=\"async\" class=\"size-full wp-image-2035 alignnone\" src=\"https:\/\/firestopstock.com\/wp-content\/uploads\/2018\/04\/pdf_icon.png\" alt=\"\" width=\"64\" height=\"64\" \/>INTU FR GRAPHITE ETA EN<\/a><\/p>\n<p><a href=\"https:\/\/firestopstock.com\/wp-content\/uploads\/2025\/05\/CoC_1488-CPR-1109W-INTU-FR-GRAPHITE_EN.pdf\" target=\"_blank\" rel=\"noopener noreferrer\"><img loading=\"lazy\" decoding=\"async\" class=\"size-full wp-image-2035 alignnone\" src=\"https:\/\/firestopstock.com\/wp-content\/uploads\/2018\/04\/pdf_icon.png\" alt=\"\" width=\"64\" height=\"64\" \/>INTU FR GRAPHITE COC EN<\/a><\/p>\n<p><a href=\"https:\/\/firestopstock.com\/wp-content\/uploads\/2025\/05\/DoP_3_2024-GRAPHITE_EN.pdf\" target=\"_blank\" rel=\"noopener noreferrer\"><img loading=\"lazy\" decoding=\"async\" class=\"alignnone wp-image-2035 size-full\" src=\"https:\/\/firestopstock.com\/wp-content\/uploads\/2018\/04\/pdf_icon.png\" alt=\"\" width=\"64\" height=\"64\" \/><\/a><a href=\"https:\/\/firestopstock.com\/wp-content\/uploads\/2025\/05\/DoP_3_2024-GRAPHITE_EN.pdf\">INTU FR GRAPHITE DOP EN<\/a><\/p>\n<p><a href=\"https:\/\/firestopstock.com\/wp-content\/uploads\/2025\/05\/INTU-FR-GRAPHITE_MSDS_INTUSEAL_EN.pdf\" target=\"_blank\" rel=\"noopener noreferrer\"><img loading=\"lazy\" decoding=\"async\" class=\"size-full wp-image-2035 alignnone\" src=\"https:\/\/firestopstock.com\/wp-content\/uploads\/2018\/04\/pdf_icon.png\" alt=\"\" width=\"64\" height=\"64\" \/>INTU FR GRAPHITE SDS EN<\/a><\/p>\n<p><a href=\"https:\/\/firestopstock.com\/wp-content\/uploads\/2025\/05\/INTU-FR-GRAPHITE_MSDS_INTUSEAL_EN.pdf\" target=\"_blank\" rel=\"noopener noreferrer\"><img loading=\"lazy\" decoding=\"async\" class=\"size-full wp-image-2035 alignnone\" src=\"https:\/\/firestopstock.com\/wp-content\/uploads\/2018\/04\/pdf_icon.png\" alt=\"\" width=\"64\" height=\"64\" \/><\/a><a href=\"https:\/\/firestopstock.com\/wp-content\/uploads\/2026\/01\/INTU-FR-GRAPHITE_MSDS_INTUSEAL_LV.pdf\">INTU-FR-GRAPHITE_MSDS_INTUSEAL_LV<\/a><\/p>\n<p><a href=\"https:\/\/firestopstock.com\/wp-content\/uploads\/2025\/05\/INTU-FR-GRAPHITE_MSDS_INTUSEAL_EN.pdf\" target=\"_blank\" rel=\"noopener noreferrer\"><img loading=\"lazy\" decoding=\"async\" class=\"size-full wp-image-2035 alignnone\" src=\"https:\/\/firestopstock.com\/wp-content\/uploads\/2018\/04\/pdf_icon.png\" alt=\"\" width=\"64\" height=\"64\" \/><\/a><a href=\"https:\/\/firestopstock.com\/wp-content\/uploads\/2026\/01\/DoP_3_2024-GRAPHITE_LV.pdf\">DoP_3_2024 (GRAPHITE)_LV<\/a><\/p>\n<p>&nbsp;<\/p>\n<p>&nbsp;<\/p>\n","protected":false},"featured_media":17042,"template":"","meta":[],"product_brand":[],"product_cat":[114,123,124,122,121],"product_tag":[],"class_list":{"0":"post-17043","1":"product","2":"type-product","3":"status-publish","4":"has-post-thumbnail","6":"product_cat-degosas-caurules-lv","7":"product_cat-elektriba-vajstrava-lv","8":"product_cat-kombinetie-skersojumi-lv","9":"product_cat-nedegosas-caurules-lv","10":"product_cat-nedegosas-caurules-ar-degosu-izolaciju-lv","12":"first","13":"instock","14":"shipping-taxable","15":"product-type-simple"},"_links":{"self":[{"href":"https:\/\/firestopstock.com\/lv\/wp-json\/wp\/v2\/product\/17043","targetHints":{"allow":["GET"]}}],"collection":[{"href":"https:\/\/firestopstock.com\/lv\/wp-json\/wp\/v2\/product"}],"about":[{"href":"https:\/\/firestopstock.com\/lv\/wp-json\/wp\/v2\/types\/product"}],"wp:featuredmedia":[{"embeddable":true,"href":"https:\/\/firestopstock.com\/lv\/wp-json\/wp\/v2\/media\/17042"}],"wp:attachment":[{"href":"https:\/\/firestopstock.com\/lv\/wp-json\/wp\/v2\/media?parent=17043"}],"wp:term":[{"taxonomy":"product_brand","embeddable":true,"href":"https:\/\/firestopstock.com\/lv\/wp-json\/wp\/v2\/product_brand?post=17043"},{"taxonomy":"product_cat","embeddable":true,"href":"https:\/\/firestopstock.com\/lv\/wp-json\/wp\/v2\/product_cat?post=17043"},{"taxonomy":"product_tag","embeddable":true,"href":"https:\/\/firestopstock.com\/lv\/wp-json\/wp\/v2\/product_tag?post=17043"}],"curies":[{"name":"wp","href":"https:\/\/api.w.org\/{rel}","templated":true}]}}