{"id":17056,"date":"2026-01-22T00:18:08","date_gmt":"2026-01-21T22:18:08","guid":{"rendered":"https:\/\/firestopstock.com\/?post_type=product&#038;p=17056"},"modified":"2026-01-22T00:31:51","modified_gmt":"2026-01-21T22:31:51","slug":"intu-fr-bandage","status":"publish","type":"product","link":"https:\/\/firestopstock.com\/lv\/product\/intu-fr-bandage\/","title":{"rendered":"INTU FR BANDAGE"},"content":{"rendered":"","protected":false},"excerpt":{"rendered":"<p>Ugunsdro\u0161\u012bbas lente <strong>INTU FR BANDAGE<\/strong> ir nesar\u016bko\u0161a, bez \u0161\u0137\u012bdin\u0101t\u0101jiem, pa\u0161l\u012bm\u0113jo\u0161a, plastmasas butila bl\u012bv\u0113\u0161anas lente. INTU FR BANDAGE uzbriest uguns ietekm\u0113, nov\u0113r\u0161ot uguns un d\u016bmu izplat\u012b\u0161anos. To izmanto k\u0101 kabe\u013cu aptinumu, lai nodro\u0161in\u0101tu ugunsiztur\u012bbas robe\u017eu EI 120.<\/p>\n<ul>\n<li>\u0100tra un vienk\u0101r\u0161a mont\u0101\u017ea;<\/li>\n<li>Izmantojama kombin\u0113tos \u0161\u0137\u0113rsojumos;<\/li>\n<li>Videi un lietot\u0101jam draudz\u012bgs materi\u0101ls;<\/li>\n<li>Past\u0101v\u012bgi elast\u012bgs;<\/li>\n<li>Izmanto\u0161anai sien\u0101s un p\u0101rsegumos.<\/li>\n<\/ul>\n<p>&nbsp;<\/p>\n<p><a href=\"https:\/\/firestopstock.com\/wp-content\/uploads\/2025\/05\/INTU_FR_BANDAGE_TDS_EN_KO_2.1.pdf\" target=\"_blank\" rel=\"noopener noreferrer\"><img loading=\"lazy\" decoding=\"async\" class=\"size-full wp-image-2035 alignnone\" src=\"https:\/\/firestopstock.com\/wp-content\/uploads\/2018\/04\/pdf_icon.png\" alt=\"\" width=\"64\" height=\"64\" \/>INTU FR BANDAGE TDS EN<\/a><\/p>\n<p><a href=\"https:\/\/firestopstock.com\/wp-content\/uploads\/2025\/05\/ETA-10_0431-of-26_07_2018-BRICK_EN-1.pdf\" target=\"_blank\" rel=\"noopener noreferrer\"><img loading=\"lazy\" decoding=\"async\" class=\"size-full wp-image-2035 alignnone\" src=\"https:\/\/firestopstock.com\/wp-content\/uploads\/2018\/04\/pdf_icon.png\" alt=\"\" width=\"64\" height=\"64\" \/>INTU FR BANDAGE ETA (BRICK) EN<\/a><\/p>\n<p><a href=\"https:\/\/firestopstock.com\/wp-content\/uploads\/2025\/05\/ETA-11_0206-of-28_06_2018-FOAM-2K_EN-1.pdf\" target=\"_blank\" rel=\"noopener noreferrer\"><img loading=\"lazy\" decoding=\"async\" class=\"size-full wp-image-2035 alignnone\" src=\"https:\/\/firestopstock.com\/wp-content\/uploads\/2018\/04\/pdf_icon.png\" alt=\"\" width=\"64\" height=\"64\" \/>INTU FR BANDAGE ETA (FOAM 2K) EN<\/a><\/p>\n<p><a href=\"https:\/\/firestopstock.com\/wp-content\/uploads\/2025\/05\/DoP_ZZ451-20180701-BANDAGE_EN.pdf\" target=\"_blank\" rel=\"noopener noreferrer\"><img loading=\"lazy\" decoding=\"async\" class=\"size-full wp-image-2035 alignnone\" src=\"https:\/\/firestopstock.com\/wp-content\/uploads\/2018\/04\/pdf_icon.png\" alt=\"\" width=\"64\" height=\"64\" \/>INTU FR BANDAGE DECLARATION OF PERFORMANCE EN<\/a><\/p>\n<p><a href=\"https:\/\/firestopstock.com\/wp-content\/uploads\/2025\/05\/INTU-FR-BANDAGE_MSDS_EN_article.pdf\" target=\"_blank\" rel=\"noopener noreferrer\"><img loading=\"lazy\" decoding=\"async\" class=\"size-full wp-image-2035 alignnone\" src=\"https:\/\/firestopstock.com\/wp-content\/uploads\/2018\/04\/pdf_icon.png\" alt=\"\" width=\"64\" height=\"64\" \/>INTU FR BANDAGE SDS EN<\/a><\/p>\n","protected":false},"featured_media":17060,"template":"","meta":[],"product_brand":[],"product_cat":[123,124,122],"product_tag":[],"class_list":{"0":"post-17056","1":"product","2":"type-product","3":"status-publish","4":"has-post-thumbnail","6":"product_cat-elektriba-vajstrava-lv","7":"product_cat-kombinetie-skersojumi-lv","8":"product_cat-nedegosas-caurules-lv","10":"first","11":"instock","12":"shipping-taxable","13":"product-type-simple"},"_links":{"self":[{"href":"https:\/\/firestopstock.com\/lv\/wp-json\/wp\/v2\/product\/17056","targetHints":{"allow":["GET"]}}],"collection":[{"href":"https:\/\/firestopstock.com\/lv\/wp-json\/wp\/v2\/product"}],"about":[{"href":"https:\/\/firestopstock.com\/lv\/wp-json\/wp\/v2\/types\/product"}],"wp:featuredmedia":[{"embeddable":true,"href":"https:\/\/firestopstock.com\/lv\/wp-json\/wp\/v2\/media\/17060"}],"wp:attachment":[{"href":"https:\/\/firestopstock.com\/lv\/wp-json\/wp\/v2\/media?parent=17056"}],"wp:term":[{"taxonomy":"product_brand","embeddable":true,"href":"https:\/\/firestopstock.com\/lv\/wp-json\/wp\/v2\/product_brand?post=17056"},{"taxonomy":"product_cat","embeddable":true,"href":"https:\/\/firestopstock.com\/lv\/wp-json\/wp\/v2\/product_cat?post=17056"},{"taxonomy":"product_tag","embeddable":true,"href":"https:\/\/firestopstock.com\/lv\/wp-json\/wp\/v2\/product_tag?post=17056"}],"curies":[{"name":"wp","href":"https:\/\/api.w.org\/{rel}","templated":true}]}}