{"id":17061,"date":"2026-01-22T00:33:37","date_gmt":"2026-01-21T22:33:37","guid":{"rendered":"https:\/\/firestopstock.com\/?post_type=product&#038;p=17061"},"modified":"2026-01-22T00:45:58","modified_gmt":"2026-01-21T22:45:58","slug":"intu-fr-foam-2k","status":"publish","type":"product","link":"https:\/\/firestopstock.com\/lv\/product\/intu-fr-foam-2k\/","title":{"rendered":"INTU FR FOAM 2K"},"content":{"rendered":"","protected":false},"excerpt":{"rendered":"<p><strong>INTU FR FOAM 2K<\/strong> ir intumescentas ugunsdro\u0161as putas uz poliuret\u0101na b\u0101zes. P\u0113c iestr\u0101des t\u0101s rea\u0123\u0113 un palielina savu tilpumu. Uguns ietekmes laik\u0101 t\u0101s uzbriest, nov\u0113r\u0161ot uguns izplat\u012b\u0161anos, radot barjeru, nodro\u0161inot \u0161\u0137\u0113rsojuma ugunsiztur\u012bbu l\u012bdz EI 120.<\/p>\n<p>&nbsp;<\/p>\n<p style=\"text-align: left;\"><a href=\"https:\/\/firestopstock.com\/wp-content\/uploads\/2025\/05\/INTU_FR_FOAM_2K_TDS_EN_KO_2.0.pdf\" target=\"_blank\" rel=\"noopener noreferrer\"><img loading=\"lazy\" decoding=\"async\" class=\"size-full wp-image-2035 alignnone\" src=\"https:\/\/firestopstock.com\/wp-content\/uploads\/2018\/04\/pdf_icon.png\" alt=\"\" width=\"64\" height=\"64\" \/>INTU FR FOAM 2K TDS EN<\/a><\/p>\n<p><a href=\"https:\/\/firestopstock.com\/wp-content\/uploads\/2025\/05\/ETA-11_0206-of-28_06_2018-FOAM-2K_EN.pdf\" target=\"_blank\" rel=\"noopener noreferrer\"><img loading=\"lazy\" decoding=\"async\" class=\"size-full wp-image-2035 alignnone\" src=\"https:\/\/firestopstock.com\/wp-content\/uploads\/2018\/04\/pdf_icon.png\" alt=\"\" width=\"64\" height=\"64\" \/>INTU FR FOAM 2K ETA EN<\/a><\/p>\n<p><a href=\"https:\/\/firestopstock.com\/wp-content\/uploads\/2025\/06\/CoC_0761-CPR-0208-FOAM-2K_EN_2028.pdf\" target=\"_blank\" rel=\"noopener noreferrer\" data-wp-editing=\"1\"><img loading=\"lazy\" decoding=\"async\" class=\"size-full wp-image-2035 alignnone\" src=\"https:\/\/firestopstock.com\/wp-content\/uploads\/2018\/04\/pdf_icon.png\" alt=\"\" width=\"64\" height=\"64\" \/>INTU FR FOAM 2K COC EN<\/a><\/p>\n<p><a href=\"https:\/\/firestopstock.com\/wp-content\/uploads\/2025\/05\/DoP_ZZ330-20180701-2K-FOAM_EN.pdf\" target=\"_blank\" rel=\"noopener noreferrer\"><img loading=\"lazy\" decoding=\"async\" class=\"size-full wp-image-2035 alignnone\" src=\"https:\/\/firestopstock.com\/wp-content\/uploads\/2018\/04\/pdf_icon.png\" alt=\"\" width=\"64\" height=\"64\" \/>INTU FR FOAM 2K DECLARATION OF PERFORMANCE EN<\/a><\/p>\n<p><a href=\"https:\/\/firestopstock.com\/wp-content\/uploads\/2025\/05\/INTU-FR-FOAM_MSDS_EN_article.pdf\" target=\"_blank\" rel=\"noopener noreferrer\"><img loading=\"lazy\" decoding=\"async\" class=\"size-full wp-image-2035 alignnone\" src=\"https:\/\/firestopstock.com\/wp-content\/uploads\/2018\/04\/pdf_icon.png\" alt=\"\" width=\"64\" height=\"64\" \/>INTU FR FOAM 2K SDS EN<\/a><\/p>\n<p><a href=\"https:\/\/firestopstock.com\/wp-content\/uploads\/2025\/05\/INTU-FR-FOAM_MSDS_EN_article.pdf\" target=\"_blank\" rel=\"noopener noreferrer\"><img loading=\"lazy\" decoding=\"async\" class=\"size-full wp-image-2035 alignnone\" src=\"https:\/\/firestopstock.com\/wp-content\/uploads\/2018\/04\/pdf_icon.png\" alt=\"\" width=\"64\" height=\"64\" \/><\/a><a href=\"https:\/\/firestopstock.com\/wp-content\/uploads\/2026\/01\/LV_DoPZZ330-20180701-2K-Foam.pdf\">LV_DoPZZ330-20180701 (2K Foam)<\/a><\/p>\n<p style=\"text-align: left;\">\n","protected":false},"featured_media":17067,"template":"","meta":[],"product_brand":[],"product_cat":[114,123,124,121],"product_tag":[],"class_list":{"0":"post-17061","1":"product","2":"type-product","3":"status-publish","4":"has-post-thumbnail","6":"product_cat-degosas-caurules-lv","7":"product_cat-elektriba-vajstrava-lv","8":"product_cat-kombinetie-skersojumi-lv","9":"product_cat-nedegosas-caurules-ar-degosu-izolaciju-lv","11":"first","12":"instock","13":"shipping-taxable","14":"product-type-simple"},"_links":{"self":[{"href":"https:\/\/firestopstock.com\/lv\/wp-json\/wp\/v2\/product\/17061","targetHints":{"allow":["GET"]}}],"collection":[{"href":"https:\/\/firestopstock.com\/lv\/wp-json\/wp\/v2\/product"}],"about":[{"href":"https:\/\/firestopstock.com\/lv\/wp-json\/wp\/v2\/types\/product"}],"wp:featuredmedia":[{"embeddable":true,"href":"https:\/\/firestopstock.com\/lv\/wp-json\/wp\/v2\/media\/17067"}],"wp:attachment":[{"href":"https:\/\/firestopstock.com\/lv\/wp-json\/wp\/v2\/media?parent=17061"}],"wp:term":[{"taxonomy":"product_brand","embeddable":true,"href":"https:\/\/firestopstock.com\/lv\/wp-json\/wp\/v2\/product_brand?post=17061"},{"taxonomy":"product_cat","embeddable":true,"href":"https:\/\/firestopstock.com\/lv\/wp-json\/wp\/v2\/product_cat?post=17061"},{"taxonomy":"product_tag","embeddable":true,"href":"https:\/\/firestopstock.com\/lv\/wp-json\/wp\/v2\/product_tag?post=17061"}],"curies":[{"name":"wp","href":"https:\/\/api.w.org\/{rel}","templated":true}]}}