{"id":17073,"date":"2026-01-22T00:46:54","date_gmt":"2026-01-21T22:46:54","guid":{"rendered":"https:\/\/firestopstock.com\/?post_type=product&#038;p=17073"},"modified":"2026-01-22T00:57:12","modified_gmt":"2026-01-21T22:57:12","slug":"intu-fr-mastic","status":"publish","type":"product","link":"https:\/\/firestopstock.com\/lv\/product\/intu-fr-mastic\/","title":{"rendered":"INTU FR MASTIC"},"content":{"rendered":"","protected":false},"excerpt":{"rendered":"<p><strong>INTU FR MASTIC<\/strong> ir akrila mastika, kas paredz\u0113ta, lai nov\u0113rstu uguns, d\u016bmu un g\u0101zu izplat\u012b\u0161anos caur atv\u0113rumiem ugunsdro\u0161\u0101s sien\u0101s un p\u0101rsegumos. INTU FR MASTIC izple\u0161as, kad t\u0101 tiek pak\u013cauta uguns un temperat\u016bras ietekmei, un aizver atv\u0113rumus un spraugas ap caurul\u0113m, kabe\u013ciem, line\u0101r\u0101m \u0161uv\u0113m, radot herm\u0113tisku barjeru ugunij, d\u016bmiem un g\u0101zei. Herm\u0113ti\u0137is efekt\u012bvi aizpilda spraugas ap in\u017eenierkomunik\u0101cij\u0101m, nodro\u0161inot EI 120 un EI 240 ugunsiztur\u012bbas robe\u017eu.<\/p>\n<p>Produktam ir <strong>LEED un BREEAM<\/strong> sertifik\u0101ts.<\/p>\n<p><a href=\"https:\/\/firestopstock.com\/wp-content\/uploads\/2025\/05\/INTU_FR_MASTIC_TDS_EN_KO_2.1.pdf\" target=\"_blank\" rel=\"noopener noreferrer\"><img loading=\"lazy\" decoding=\"async\" class=\"size-full wp-image-2035 alignnone\" src=\"https:\/\/firestopstock.com\/wp-content\/uploads\/2018\/04\/pdf_icon.png\" alt=\"\" width=\"64\" height=\"64\" \/>INTU FR MASTIC TDS EN<\/a><\/p>\n<p><a href=\"https:\/\/firestopstock.com\/wp-content\/uploads\/2025\/05\/ETA-19_0038-of-28_06_2019-MASTIC.pdf\" target=\"_blank\" rel=\"noopener noreferrer\"><img loading=\"lazy\" decoding=\"async\" class=\"size-full wp-image-2035 alignnone\" src=\"https:\/\/firestopstock.com\/wp-content\/uploads\/2018\/04\/pdf_icon.png\" alt=\"\" width=\"64\" height=\"64\" \/>INTU FR MASTIC ETA EN<\/a><\/p>\n<p><a href=\"https:\/\/firestopstock.com\/wp-content\/uploads\/2025\/05\/CoC_1488_CPR_0756W-MASTIC_EN.pdf\" target=\"_blank\" rel=\"noopener noreferrer\"><img loading=\"lazy\" decoding=\"async\" class=\"size-full wp-image-2035 alignnone\" src=\"https:\/\/firestopstock.com\/wp-content\/uploads\/2018\/04\/pdf_icon.png\" alt=\"\" width=\"64\" height=\"64\" \/>INTU FR MASTIC COC EN<\/a><\/p>\n<p><a href=\"https:\/\/firestopstock.com\/wp-content\/uploads\/2025\/05\/DoP-8-20192023-MASTIC_EN.pdf\" target=\"_blank\" rel=\"noopener noreferrer\"><img loading=\"lazy\" decoding=\"async\" class=\"size-full wp-image-2035 alignnone\" src=\"https:\/\/firestopstock.com\/wp-content\/uploads\/2018\/04\/pdf_icon.png\" alt=\"\" width=\"64\" height=\"64\" \/><\/a><a href=\"https:\/\/firestopstock.com\/wp-content\/uploads\/2022\/06\/INTU-FR-MASTIC_DoP-8-2019-15_06-2022_EN.pdf\">INTU FR MASTIC DOP EN<\/a><\/p>\n<p><a href=\"https:\/\/firestopstock.com\/wp-content\/uploads\/2025\/05\/INTU-FR-MASTIC-_MSDS_EN.pdf\" target=\"_blank\" rel=\"noopener noreferrer\"><img loading=\"lazy\" decoding=\"async\" class=\"size-full wp-image-2035 alignnone\" src=\"https:\/\/firestopstock.com\/wp-content\/uploads\/2018\/04\/pdf_icon.png\" alt=\"\" width=\"64\" height=\"64\" \/>INTU FR MASTIC SDS EN<\/a><\/p>\n<p><a href=\"https:\/\/firestopstock.com\/wp-content\/uploads\/2025\/05\/INTU_FR_MASTIC_BREEAM_EN.pdf\" target=\"_blank\" rel=\"noopener noreferrer\"><img loading=\"lazy\" decoding=\"async\" class=\"size-full wp-image-2035 alignnone\" src=\"https:\/\/firestopstock.com\/wp-content\/uploads\/2018\/04\/pdf_icon.png\" alt=\"\" width=\"64\" height=\"64\" \/><\/a><a href=\"https:\/\/firestopstock.com\/wp-content\/uploads\/2022\/05\/392-2022-00147301_VA_EN_Eurofins-Polska-Sp-z-oo_BREEAM-Attestation.pdf\">INTU FR MASTIC- ATTESTATION BREEAM<\/a><\/p>\n<p><a href=\"https:\/\/firestopstock.com\/wp-content\/uploads\/2025\/05\/INTU_FR_MASTIC_LEED_EN.pdf\" target=\"_blank\" rel=\"noopener noreferrer\"><img loading=\"lazy\" decoding=\"async\" class=\"size-full wp-image-2035 alignnone\" src=\"https:\/\/firestopstock.com\/wp-content\/uploads\/2018\/04\/pdf_icon.png\" alt=\"\" width=\"64\" height=\"64\" \/><\/a><a href=\"https:\/\/firestopstock.com\/wp-content\/uploads\/2022\/05\/392-2022-00147301_HA_EN_Eurofins-Polska-Sp-z-oo_LEED-Attestation.pdf\">INTU FR MASTIC &#8211; ATTESTATION LEED<\/a><\/p>\n<p><a href=\"https:\/\/firestopstock.com\/wp-content\/uploads\/2025\/05\/INTU_FR_MASTIC_LEED_EN.pdf\" target=\"_blank\" rel=\"noopener noreferrer\"><img loading=\"lazy\" decoding=\"async\" class=\"size-full wp-image-2035 alignnone\" src=\"https:\/\/firestopstock.com\/wp-content\/uploads\/2018\/04\/pdf_icon.png\" alt=\"\" width=\"64\" height=\"64\" \/><\/a><a href=\"https:\/\/firestopstock.com\/wp-content\/uploads\/2026\/01\/LEED-Attestation_LV-Signed.pdf\">LEED-Attestation_LV Signed<\/a><\/p>\n<p><a href=\"https:\/\/firestopstock.com\/wp-content\/uploads\/2025\/05\/INTU_FR_MASTIC_LEED_EN.pdf\" target=\"_blank\" rel=\"noopener noreferrer\"><img loading=\"lazy\" decoding=\"async\" class=\"size-full wp-image-2035 alignnone\" src=\"https:\/\/firestopstock.com\/wp-content\/uploads\/2018\/04\/pdf_icon.png\" alt=\"\" width=\"64\" height=\"64\" \/><\/a><a href=\"https:\/\/firestopstock.com\/wp-content\/uploads\/2026\/01\/LV_INTU_FR_MASTIC_TDS_EN_KO_2.1-lv.pdf\">LV_INTU_FR_MASTIC_TDS_EN_KO_2.1 lv<\/a><\/p>\n<p><a href=\"https:\/\/firestopstock.com\/wp-content\/uploads\/2025\/05\/INTU_FR_MASTIC_LEED_EN.pdf\" target=\"_blank\" rel=\"noopener noreferrer\"><img loading=\"lazy\" decoding=\"async\" class=\"size-full wp-image-2035 alignnone\" src=\"https:\/\/firestopstock.com\/wp-content\/uploads\/2018\/04\/pdf_icon.png\" alt=\"\" width=\"64\" height=\"64\" \/><\/a><a href=\"https:\/\/firestopstock.com\/wp-content\/uploads\/2026\/01\/LV_DoP_8-20192023-MASTIC_signed.pdf\">LV_DoP_8-2019(2023) (MASTIC)_signed<\/a><\/p>\n","protected":false},"featured_media":17197,"template":"","meta":[],"product_brand":[],"product_cat":[113,114,123,124,122,121,120],"product_tag":[],"class_list":{"0":"post-17073","1":"product","2":"type-product","3":"status-publish","4":"has-post-thumbnail","6":"product_cat-buvkonstrukciju-savienojumi-lv","7":"product_cat-degosas-caurules-lv","8":"product_cat-elektriba-vajstrava-lv","9":"product_cat-kombinetie-skersojumi-lv","10":"product_cat-nedegosas-caurules-lv","11":"product_cat-nedegosas-caurules-ar-degosu-izolaciju-lv","12":"product_cat-ventilacija-lv","14":"first","15":"instock","16":"shipping-taxable","17":"product-type-simple"},"_links":{"self":[{"href":"https:\/\/firestopstock.com\/lv\/wp-json\/wp\/v2\/product\/17073","targetHints":{"allow":["GET"]}}],"collection":[{"href":"https:\/\/firestopstock.com\/lv\/wp-json\/wp\/v2\/product"}],"about":[{"href":"https:\/\/firestopstock.com\/lv\/wp-json\/wp\/v2\/types\/product"}],"wp:featuredmedia":[{"embeddable":true,"href":"https:\/\/firestopstock.com\/lv\/wp-json\/wp\/v2\/media\/17197"}],"wp:attachment":[{"href":"https:\/\/firestopstock.com\/lv\/wp-json\/wp\/v2\/media?parent=17073"}],"wp:term":[{"taxonomy":"product_brand","embeddable":true,"href":"https:\/\/firestopstock.com\/lv\/wp-json\/wp\/v2\/product_brand?post=17073"},{"taxonomy":"product_cat","embeddable":true,"href":"https:\/\/firestopstock.com\/lv\/wp-json\/wp\/v2\/product_cat?post=17073"},{"taxonomy":"product_tag","embeddable":true,"href":"https:\/\/firestopstock.com\/lv\/wp-json\/wp\/v2\/product_tag?post=17073"}],"curies":[{"name":"wp","href":"https:\/\/api.w.org\/{rel}","templated":true}]}}