{"id":17305,"date":"2026-01-22T01:20:14","date_gmt":"2026-01-21T23:20:14","guid":{"rendered":"https:\/\/firestopstock.com\/?post_type=product&#038;p=17305"},"modified":"2026-01-22T01:24:49","modified_gmt":"2026-01-21T23:24:49","slug":"intu-atp","status":"publish","type":"product","link":"https:\/\/firestopstock.com\/lv\/product\/intu-atp\/","title":{"rendered":"INTU ATP"},"content":{"rendered":"","protected":false},"excerpt":{"rendered":"<p>Mask\u0113\u0161anas re\u017e\u0123is <strong>INTU AIR TRANSFER PLATE<\/strong> tiek izmantots ventil\u0101cijas iepl\u016bdes\/izpl\u016bdes atv\u0113rumu est\u0113tiskai aizsardz\u012bbai. INTU AIR TRANSFER PLATE tiek ra\u017eots, izmantojot modernas ra\u017eo\u0161anas tehnolo\u0123ijas un prec\u012bzas \u0161tanc\u0113\u0161anas iek\u0101rtas. Materi\u0101ls ir 0,9 mm biezs t\u0113rauds. \u017dal\u016bzijas ir novietotas ik p\u0113c 8,5 mm ar 30% sl\u012bpumu uz leju.<\/p>\n<p>&nbsp;<\/p>\n<p><a href=\"https:\/\/firestopstock.com\/wp-content\/uploads\/2025\/04\/INTU_AIR_TRANSFER_PLATE_TDS_EN_KO_2.0.pdf\" target=\"_blank\" rel=\"noopener noreferrer\"><img loading=\"lazy\" decoding=\"async\" class=\"size-full wp-image-1099 alignnone\" src=\"https:\/\/firestopstock.com\/wp-content\/uploads\/2017\/05\/52ff0e80b07d28b590bbc4b30befde52.png\" alt=\"\" width=\"64\" height=\"64\" \/>INTU ATP TDS EN<\/a><\/p>\n<p>&nbsp;<\/p>\n","protected":false},"featured_media":17323,"template":"","meta":[],"product_brand":[],"product_cat":[120],"product_tag":[],"class_list":{"0":"post-17305","1":"product","2":"type-product","3":"status-publish","4":"has-post-thumbnail","6":"product_cat-ventilacija-lv","8":"first","9":"instock","10":"shipping-taxable","11":"product-type-simple"},"_links":{"self":[{"href":"https:\/\/firestopstock.com\/lv\/wp-json\/wp\/v2\/product\/17305","targetHints":{"allow":["GET"]}}],"collection":[{"href":"https:\/\/firestopstock.com\/lv\/wp-json\/wp\/v2\/product"}],"about":[{"href":"https:\/\/firestopstock.com\/lv\/wp-json\/wp\/v2\/types\/product"}],"wp:featuredmedia":[{"embeddable":true,"href":"https:\/\/firestopstock.com\/lv\/wp-json\/wp\/v2\/media\/17323"}],"wp:attachment":[{"href":"https:\/\/firestopstock.com\/lv\/wp-json\/wp\/v2\/media?parent=17305"}],"wp:term":[{"taxonomy":"product_brand","embeddable":true,"href":"https:\/\/firestopstock.com\/lv\/wp-json\/wp\/v2\/product_brand?post=17305"},{"taxonomy":"product_cat","embeddable":true,"href":"https:\/\/firestopstock.com\/lv\/wp-json\/wp\/v2\/product_cat?post=17305"},{"taxonomy":"product_tag","embeddable":true,"href":"https:\/\/firestopstock.com\/lv\/wp-json\/wp\/v2\/product_tag?post=17305"}],"curies":[{"name":"wp","href":"https:\/\/api.w.org\/{rel}","templated":true}]}}