{"id":17335,"date":"2026-01-22T02:19:49","date_gmt":"2026-01-22T00:19:49","guid":{"rendered":"https:\/\/firestopstock.com\/?post_type=product&#038;p=17335"},"modified":"2026-01-22T02:27:39","modified_gmt":"2026-01-22T00:27:39","slug":"intu-fr-brick","status":"publish","type":"product","link":"https:\/\/firestopstock.com\/lv\/product\/intu-fr-brick\/","title":{"rendered":"INTU FR BRICK"},"content":{"rendered":"","protected":false},"excerpt":{"rendered":"<p>Ugunsdro\u0161\u012bbas bloks <strong>INTU FR BRICK<\/strong> ir izgatavots no uzbriesto\u0161\u0101m poliuret\u0101na put\u0101m ar bezhalog\u0113na ugunsdro\u0161\u012bbas piedev\u0101m. Ugunsgr\u0113ka laik\u0101 uzbriesto\u0161\u0101s putas aizver atv\u0113rumu, nov\u0113r\u0161ot uguns un d\u016bmu izplat\u012b\u0161anos.<\/p>\n<ul>\n<li>Ugunsiztur\u012bbas robe\u017ea l\u012bdz EI 120<\/li>\n<li>Izmantojams kombin\u0113tos \u0161\u0137\u0113rsojumos<\/li>\n<li>Vid\u0113ja un liela izm\u0113ra \u0161\u0137\u0113rsojumu bl\u012bv\u0113\u0161anai<\/li>\n<li>\u0160\u0137\u0113rsojumu bl\u012bv\u0113\u0161ana ar iesp\u0113ju main\u012bt\/papildin\u0101t in\u017eenierkomunik\u0101cijas<\/li>\n<li>Izmanto\u0161anai sien\u0101s un p\u0101rsegumos<\/li>\n<\/ul>\n<p>&nbsp;<\/p>\n<p style=\"text-align: left;\"><a href=\"https:\/\/firestopstock.com\/wp-content\/uploads\/2025\/05\/INTU_FR_BRICK_TDS_EN_KO_2.1.pdf\" target=\"_blank\" rel=\"noopener noreferrer\"><img loading=\"lazy\" decoding=\"async\" class=\"size-full wp-image-2035 alignnone\" src=\"https:\/\/firestopstock.com\/wp-content\/uploads\/2018\/04\/pdf_icon.png\" alt=\"\" width=\"64\" height=\"64\" \/>INTU FR BRICK TDS EN<\/a><\/p>\n<p><a href=\"https:\/\/firestopstock.com\/wp-content\/uploads\/2025\/05\/ETA-10_0431-of-26_07_2018-BRICK_EN.pdf\" target=\"_blank\" rel=\"noopener noreferrer\"><img loading=\"lazy\" decoding=\"async\" class=\"size-full wp-image-2035 alignnone\" src=\"https:\/\/firestopstock.com\/wp-content\/uploads\/2018\/04\/pdf_icon.png\" alt=\"\" width=\"64\" height=\"64\" \/>INTU FR BRICK ETA EN<\/a><\/p>\n<p><a href=\"https:\/\/firestopstock.com\/wp-content\/uploads\/2025\/06\/CoC_0761-CPR-0187-BRICK_EN_2028.pdf\" target=\"_blank\" rel=\"noopener noreferrer\"><img loading=\"lazy\" decoding=\"async\" class=\"size-full wp-image-2035 alignnone\" src=\"https:\/\/firestopstock.com\/wp-content\/uploads\/2018\/04\/pdf_icon.png\" alt=\"\" width=\"64\" height=\"64\" \/>INTU FR BRICK COC EN<\/a><\/p>\n<p><a href=\"https:\/\/firestopstock.com\/wp-content\/uploads\/2025\/05\/DoPZZ230-20180701-BRICK_EN.pdf\" target=\"_blank\" rel=\"noopener noreferrer\"><img loading=\"lazy\" decoding=\"async\" class=\"size-full wp-image-2035 alignnone\" src=\"https:\/\/firestopstock.com\/wp-content\/uploads\/2018\/04\/pdf_icon.png\" alt=\"\" width=\"64\" height=\"64\" \/>INTU FR BRICK DECLARATION OF PERFORMANCE EN<\/a><\/p>\n<p><a href=\"https:\/\/firestopstock.com\/wp-content\/uploads\/2025\/05\/DoPZZ230-20180701-BRICK_EN.pdf\" target=\"_blank\" rel=\"noopener noreferrer\"><img loading=\"lazy\" decoding=\"async\" class=\"size-full wp-image-2035 alignnone\" src=\"https:\/\/firestopstock.com\/wp-content\/uploads\/2018\/04\/pdf_icon.png\" alt=\"\" width=\"64\" height=\"64\" \/><\/a><a href=\"https:\/\/firestopstock.com\/wp-content\/uploads\/2026\/01\/DoPZZ230-20180701-BRICK.pdf\">DoPZZ230-20180701-BRICK<\/a><\/p>\n<p style=\"text-align: left;\">\n","protected":false},"featured_media":17393,"template":"","meta":[],"product_brand":[],"product_cat":[114,123,124,121],"product_tag":[],"class_list":{"0":"post-17335","1":"product","2":"type-product","3":"status-publish","4":"has-post-thumbnail","6":"product_cat-degosas-caurules-lv","7":"product_cat-elektriba-vajstrava-lv","8":"product_cat-kombinetie-skersojumi-lv","9":"product_cat-nedegosas-caurules-ar-degosu-izolaciju-lv","11":"first","12":"instock","13":"shipping-taxable","14":"product-type-simple"},"_links":{"self":[{"href":"https:\/\/firestopstock.com\/lv\/wp-json\/wp\/v2\/product\/17335","targetHints":{"allow":["GET"]}}],"collection":[{"href":"https:\/\/firestopstock.com\/lv\/wp-json\/wp\/v2\/product"}],"about":[{"href":"https:\/\/firestopstock.com\/lv\/wp-json\/wp\/v2\/types\/product"}],"wp:featuredmedia":[{"embeddable":true,"href":"https:\/\/firestopstock.com\/lv\/wp-json\/wp\/v2\/media\/17393"}],"wp:attachment":[{"href":"https:\/\/firestopstock.com\/lv\/wp-json\/wp\/v2\/media?parent=17335"}],"wp:term":[{"taxonomy":"product_brand","embeddable":true,"href":"https:\/\/firestopstock.com\/lv\/wp-json\/wp\/v2\/product_brand?post=17335"},{"taxonomy":"product_cat","embeddable":true,"href":"https:\/\/firestopstock.com\/lv\/wp-json\/wp\/v2\/product_cat?post=17335"},{"taxonomy":"product_tag","embeddable":true,"href":"https:\/\/firestopstock.com\/lv\/wp-json\/wp\/v2\/product_tag?post=17335"}],"curies":[{"name":"wp","href":"https:\/\/api.w.org\/{rel}","templated":true}]}}