{"id":17394,"date":"2026-01-22T02:29:29","date_gmt":"2026-01-22T00:29:29","guid":{"rendered":"https:\/\/firestopstock.com\/?post_type=product&#038;p=17394"},"modified":"2026-01-22T02:39:21","modified_gmt":"2026-01-22T00:39:21","slug":"intu-fr-board-a","status":"publish","type":"product","link":"https:\/\/firestopstock.com\/lv\/product\/intu-fr-board-a\/","title":{"rendered":"INTU FR BOARD A"},"content":{"rendered":"","protected":false},"excerpt":{"rendered":"<p>Ugunsdro\u0161\u0101 pl\u0101ksne <strong>INTU FR BOARD A<\/strong> sast\u0101v no 60 mm biezas miner\u0101lvates pl\u0101ksnes, kas vien\u0101 pus\u0113 p\u0101rkl\u0101ta ar ablat\u012bvo kr\u0101su INTU FR COAT A. Produktu komplekts ir paredz\u0113ts ugunsdro\u0161u \u0161\u0137\u0113rsojumu bl\u012bv\u0113\u0161anai un b\u016bvniec\u012bbas savienojumu izb\u016bvei l\u012bdz EI 240. Ugunsgr\u0113ka apst\u0101k\u013cos, augstas temperat\u016bras ietekm\u0113, produkt\u0101 notiek endotermiskas reakcijas. Kr\u0101sa absorb\u0113 siltumu, iev\u0113rojami aizkav\u0113jot ugunsgr\u0113ka ietekmi uz konstrukcijas elementiem.<\/p>\n<p>Produktam ir <strong>BREEAM<\/strong> sertifik\u0101ts.<\/p>\n<p>&nbsp;<\/p>\n<p><a href=\"https:\/\/firestopstock.com\/wp-content\/uploads\/2025\/05\/INTU_FR_BOARD_A_TDS_EN_KO_2.0.pdf\" target=\"_blank\" rel=\"noopener noreferrer\"><img loading=\"lazy\" decoding=\"async\" class=\"size-full wp-image-2035 alignnone\" src=\"https:\/\/firestopstock.com\/wp-content\/uploads\/2018\/04\/pdf_icon.png\" alt=\"\" width=\"64\" height=\"64\" \/>INTU FR BOARD A TDS EN<\/a><\/p>\n<p><a href=\"https:\/\/firestopstock.com\/wp-content\/uploads\/2025\/05\/ETA-19_0038-of-28_06_2019-BOARD-A_EN.pdf\" target=\"_blank\" rel=\"noopener noreferrer\"><img loading=\"lazy\" decoding=\"async\" class=\"size-full wp-image-2035 alignnone\" src=\"https:\/\/firestopstock.com\/wp-content\/uploads\/2018\/04\/pdf_icon.png\" alt=\"\" width=\"64\" height=\"64\" \/>INTU FR BOARD A ETA EN<\/a><\/p>\n<p><a href=\"https:\/\/firestopstock.com\/wp-content\/uploads\/2025\/05\/CoC_1488_CPR_0756-BOARD-A_EN.pdf\" target=\"_blank\" rel=\"noopener noreferrer\"><img loading=\"lazy\" decoding=\"async\" class=\"size-full wp-image-2035 alignnone\" src=\"https:\/\/firestopstock.com\/wp-content\/uploads\/2018\/04\/pdf_icon.png\" alt=\"\" width=\"64\" height=\"64\" \/>INTU FR BOARD A COC EN<\/a><\/p>\n<p><a href=\"https:\/\/firestopstock.com\/wp-content\/uploads\/2025\/05\/DoP_6_20192023-BOARD-A_EN.pdf\" target=\"_blank\" rel=\"noopener noreferrer\"><img loading=\"lazy\" decoding=\"async\" class=\"size-full wp-image-2035 alignnone\" src=\"https:\/\/firestopstock.com\/wp-content\/uploads\/2018\/04\/pdf_icon.png\" alt=\"\" width=\"64\" height=\"64\" \/><\/a><a href=\"https:\/\/firestopstock.com\/wp-content\/uploads\/2025\/05\/DoP_6_20192023-BOARD-A_EN.pdf\">INTU FR BOARD A DOP EN<\/a><\/p>\n<p><a href=\"https:\/\/firestopstock.com\/wp-content\/uploads\/2025\/05\/INTU-FR-BOARD-A_MSDS_EN_article.pdf\" target=\"_blank\" rel=\"noopener noreferrer\"><img loading=\"lazy\" decoding=\"async\" class=\"size-full wp-image-2035 alignnone\" src=\"https:\/\/firestopstock.com\/wp-content\/uploads\/2018\/04\/pdf_icon.png\" alt=\"\" width=\"64\" height=\"64\" \/>INTU FR BOARD A SDS EN<\/a><\/p>\n<p><a href=\"https:\/\/firestopstock.com\/wp-content\/uploads\/2025\/05\/INTU_FR_BOARD_A_BREEAM_EN.pdf\" target=\"_blank\" rel=\"noopener noreferrer\"><img loading=\"lazy\" decoding=\"async\" class=\"alignnone wp-image-2035 size-full\" src=\"https:\/\/firestopstock.com\/wp-content\/uploads\/2018\/04\/pdf_icon.png\" alt=\"\" width=\"64\" height=\"64\" \/><\/a><a href=\"https:\/\/firestopstock.com\/wp-content\/uploads\/2025\/05\/INTU_FR_BOARD_A_BREEAM_EN.pdf\">INTU FR BOARD A- ATTESTATION BREEAM<\/a><\/p>\n<p><a href=\"https:\/\/firestopstock.com\/wp-content\/uploads\/2025\/05\/INTU_FR_BOARD_A_BREEAM_EN.pdf\" target=\"_blank\" rel=\"noopener noreferrer\"><img loading=\"lazy\" decoding=\"async\" class=\"alignnone wp-image-2035 size-full\" src=\"https:\/\/firestopstock.com\/wp-content\/uploads\/2018\/04\/pdf_icon.png\" alt=\"\" width=\"64\" height=\"64\" \/><\/a><a href=\"https:\/\/firestopstock.com\/wp-content\/uploads\/2026\/01\/LV_DoP_6_20192023-BOARD-A_signed.pdf\">LV_DoP_6_2019(2023) (BOARD A)_signed<\/a><\/p>\n<p>&nbsp;<\/p>\n","protected":false},"featured_media":16862,"template":"","meta":[],"product_brand":[],"product_cat":[123,124,122],"product_tag":[],"class_list":{"0":"post-17394","1":"product","2":"type-product","3":"status-publish","4":"has-post-thumbnail","6":"product_cat-elektriba-vajstrava-lv","7":"product_cat-kombinetie-skersojumi-lv","8":"product_cat-nedegosas-caurules-lv","10":"first","11":"instock","12":"shipping-taxable","13":"product-type-simple"},"_links":{"self":[{"href":"https:\/\/firestopstock.com\/lv\/wp-json\/wp\/v2\/product\/17394","targetHints":{"allow":["GET"]}}],"collection":[{"href":"https:\/\/firestopstock.com\/lv\/wp-json\/wp\/v2\/product"}],"about":[{"href":"https:\/\/firestopstock.com\/lv\/wp-json\/wp\/v2\/types\/product"}],"wp:featuredmedia":[{"embeddable":true,"href":"https:\/\/firestopstock.com\/lv\/wp-json\/wp\/v2\/media\/16862"}],"wp:attachment":[{"href":"https:\/\/firestopstock.com\/lv\/wp-json\/wp\/v2\/media?parent=17394"}],"wp:term":[{"taxonomy":"product_brand","embeddable":true,"href":"https:\/\/firestopstock.com\/lv\/wp-json\/wp\/v2\/product_brand?post=17394"},{"taxonomy":"product_cat","embeddable":true,"href":"https:\/\/firestopstock.com\/lv\/wp-json\/wp\/v2\/product_cat?post=17394"},{"taxonomy":"product_tag","embeddable":true,"href":"https:\/\/firestopstock.com\/lv\/wp-json\/wp\/v2\/product_tag?post=17394"}],"curies":[{"name":"wp","href":"https:\/\/api.w.org\/{rel}","templated":true}]}}