{"id":13829,"date":"2023-08-03T12:25:11","date_gmt":"2023-08-03T12:25:11","guid":{"rendered":"https:\/\/firestopstock.com\/?page_id=13829&#038;lang=pl"},"modified":"2023-08-03T12:25:11","modified_gmt":"2023-08-03T12:25:11","slug":"dotacja-zus","status":"publish","type":"page","link":"https:\/\/firestopstock.com\/pl\/dotacja-zus\/","title":{"rendered":"Dotacja ZUS"},"content":{"rendered":"<p>[vc_row][vc_column][vc_single_image image=&#8221;13830&#8243; img_size=&#8221;full&#8221; alignment=&#8221;center&#8221; css=&#8221;.vc_custom_1691065494584{margin-top: 20px !important;margin-bottom: 20px !important;}&#8221;][vc_column_text css=&#8221;.vc_custom_1691065508869{margin-top: 30px !important;}&#8221;]<\/p>\n<h2 style=\"text-align: center;\">W ramach dofinansowania ze \u015brodk\u00f3w Funduszu Ubezpiecze\u0144 Spo\u0142ecznych przygotowana zosta\u0142a instalacja odpylania maszyn w hali produkcyjnej firmy Intuseal<\/h2>\n<p>[\/vc_column_text][\/vc_column][\/vc_row]<\/p>\n","protected":false},"excerpt":{"rendered":"<p>[vc_row][vc_column][vc_single_image image=&#8221;13830&#8243; img_size=&#8221;full&#8221; alignment=&#8221;center&#8221; css=&#8221;.vc_custom_1691065494584{margin-top: 20px !important;margin-bottom: 20px !important;}&#8221;][vc_column_text css=&#8221;.vc_custom_1691065508869{margin-top: 30px !important;}&#8221;] W ramach dofinansowania ze \u015brodk\u00f3w Funduszu Ubezpiecze\u0144 Spo\u0142ecznych przygotowana zosta\u0142a instalacja odpylania maszyn w<span class=\"excerpt-hellip\"> [\u2026]<\/span><\/p>\n","protected":false},"author":6,"featured_media":0,"parent":0,"menu_order":0,"comment_status":"closed","ping_status":"closed","template":"","meta":{"footnotes":""},"class_list":["post-13829","page","type-page","status-publish","hentry"],"_links":{"self":[{"href":"https:\/\/firestopstock.com\/pl\/wp-json\/wp\/v2\/pages\/13829","targetHints":{"allow":["GET"]}}],"collection":[{"href":"https:\/\/firestopstock.com\/pl\/wp-json\/wp\/v2\/pages"}],"about":[{"href":"https:\/\/firestopstock.com\/pl\/wp-json\/wp\/v2\/types\/page"}],"author":[{"embeddable":true,"href":"https:\/\/firestopstock.com\/pl\/wp-json\/wp\/v2\/users\/6"}],"replies":[{"embeddable":true,"href":"https:\/\/firestopstock.com\/pl\/wp-json\/wp\/v2\/comments?post=13829"}],"version-history":[{"count":1,"href":"https:\/\/firestopstock.com\/pl\/wp-json\/wp\/v2\/pages\/13829\/revisions"}],"predecessor-version":[{"id":13835,"href":"https:\/\/firestopstock.com\/pl\/wp-json\/wp\/v2\/pages\/13829\/revisions\/13835"}],"wp:attachment":[{"href":"https:\/\/firestopstock.com\/pl\/wp-json\/wp\/v2\/media?parent=13829"}],"curies":[{"name":"wp","href":"https:\/\/api.w.org\/{rel}","templated":true}]}}