{"id":1430,"date":"2018-03-16T12:27:36","date_gmt":"2018-03-16T12:27:36","guid":{"rendered":"https:\/\/firestopstock.com\/?product=intu-fr-board-a&#038;lang=pl"},"modified":"2025-06-17T05:35:30","modified_gmt":"2025-06-17T05:35:30","slug":"intu-fr-board-a","status":"publish","type":"product","link":"https:\/\/firestopstock.com\/pl\/product\/intu-fr-board-a\/","title":{"rendered":"INTU FR BOARD A"},"content":{"rendered":"","protected":false},"excerpt":{"rendered":"<p>P\u0142yta ogniochronna <strong>INTU FR BOARD A<\/strong> sk\u0142ada si\u0119 z p\u0142yty z we\u0142ny mineralnej o g\u0119sto\u015bci 150kg\/m<sup>3<\/sup> i grubo\u015bci 60mm pokrytej jednostronnie pow\u0142ok\u0105 z farby ablacyjnej <strong>INTU FR COAT A <\/strong>o grubo\u015bci warstwy 1mm. Zestaw wyrob\u00f3w przeznaczony jest do uszczelnienia instalacyjnych przej\u015b\u0107 ppo\u017c. oraz wykonywania dylatacji przeciwpo\u017carowych do odporno\u015bci ogniowej max <strong>EI 240 <\/strong>(szczeg\u00f3\u0142y wg dokument\u00f3w odniesienia)<strong>.<\/strong> W warunkach po\u017caru pod wp\u0142ywem oddzia\u0142ywania wysokiej temperatury w wyrobie zachodz\u0105 reakcje endotermiczne. Farba poch\u0142ania ciep\u0142o, w znacznym stopniu op\u00f3\u017aniaj\u0105c wp\u0142yw ognia na elementy konstrukcyjne.<\/p>\n<p><a href=\"https:\/\/firestopstock.com\/wp-content\/uploads\/2018\/03\/INTU_FR_BOARD_A_TDS_PL_PK_2.1.pdf\" target=\"_blank\" rel=\"noopener noreferrer\"><img loading=\"lazy\" decoding=\"async\" class=\"alignnone size-full wp-image-1102\" src=\"https:\/\/firestopstock.com\/wp-content\/uploads\/2017\/05\/52ff0e80b07d28b590bbc4b30befde52.png\" alt=\"\" width=\"64\" height=\"64\" \/> INTU FR BOARD A TDS <\/a><\/p>\n<p>Tre\u015b\u0107 zgodna z TDS PK_2.1<\/p>\n","protected":false},"featured_media":16358,"template":"","meta":[],"product_brand":[],"product_cat":[83,81,82,80],"product_tag":[],"class_list":{"0":"post-1430","1":"product","2":"type-product","3":"status-publish","4":"has-post-thumbnail","6":"product_cat-dylatacje-i-szczeliny","7":"product_cat-instalacje-elektryczne","8":"product_cat-przejscia-kombinowane","9":"product_cat-rury-niepalne","11":"first","12":"instock","13":"shipping-taxable","14":"product-type-simple"},"_links":{"self":[{"href":"https:\/\/firestopstock.com\/pl\/wp-json\/wp\/v2\/product\/1430","targetHints":{"allow":["GET"]}}],"collection":[{"href":"https:\/\/firestopstock.com\/pl\/wp-json\/wp\/v2\/product"}],"about":[{"href":"https:\/\/firestopstock.com\/pl\/wp-json\/wp\/v2\/types\/product"}],"wp:featuredmedia":[{"embeddable":true,"href":"https:\/\/firestopstock.com\/pl\/wp-json\/wp\/v2\/media\/16358"}],"wp:attachment":[{"href":"https:\/\/firestopstock.com\/pl\/wp-json\/wp\/v2\/media?parent=1430"}],"wp:term":[{"taxonomy":"product_brand","embeddable":true,"href":"https:\/\/firestopstock.com\/pl\/wp-json\/wp\/v2\/product_brand?post=1430"},{"taxonomy":"product_cat","embeddable":true,"href":"https:\/\/firestopstock.com\/pl\/wp-json\/wp\/v2\/product_cat?post=1430"},{"taxonomy":"product_tag","embeddable":true,"href":"https:\/\/firestopstock.com\/pl\/wp-json\/wp\/v2\/product_tag?post=1430"}],"curies":[{"name":"wp","href":"https:\/\/api.w.org\/{rel}","templated":true}]}}