{"id":1443,"date":"2018-03-16T12:39:22","date_gmt":"2018-03-16T12:39:22","guid":{"rendered":"https:\/\/firestopstock.com\/?product=intu-fr-grille&#038;lang=pl"},"modified":"2025-06-17T05:45:37","modified_gmt":"2025-06-17T05:45:37","slug":"intu-fr-grille","status":"publish","type":"product","link":"https:\/\/firestopstock.com\/pl\/product\/intu-fr-grille\/","title":{"rendered":"INTU FR GRILLE"},"content":{"rendered":"","protected":false},"excerpt":{"rendered":"<ul>\n<li>odporno\u015b\u0107 ogniowa 60, 120 i 240 minut<\/li>\n<li>przep\u0142yw powietrza do 80%<\/li>\n<li>maksymalne wymiary pojedynczej kratki:<br \/>\nokr\u0105g\u0142e &#8211; \u00d8 400 [mm];<br \/>\nprostok\u0105tne \u2013 600 x 600 [mm]<\/li>\n<li>niestandardowe rozmiary kratek<\/li>\n<\/ul>\n<p>&nbsp;<\/p>\n<p>Przeciwpo\u017carowe kratki ogniochronne <strong>INTU FR GRILLE<\/strong> wykonane s\u0105 z materia\u0142u ekspanduj\u0105cego pod wp\u0142ywem temperatury powy\u017cej 140<sup>o<\/sup>C. P\u0119czniej\u0105ce wk\u0142ady podczas po\u017caru zamykaj\u0105 otw\u00f3r wentylacyjny, nie dopuszczaj\u0105c do rozprzestrzeniania si\u0119 ognia i dymu.<\/p>\n<p>&nbsp;<\/p>\n<p><a href=\"https:\/\/firestopstock.com\/wp-content\/uploads\/2018\/03\/INTU_FR_GRILLE_TDS_PL_PW_1.17.pdf\" target=\"_blank\" rel=\"noopener noreferrer\"><img loading=\"lazy\" decoding=\"async\" class=\"alignnone size-full wp-image-1102\" src=\"https:\/\/firestopstock.com\/wp-content\/uploads\/2017\/05\/52ff0e80b07d28b590bbc4b30befde52.png\" alt=\"\" width=\"64\" height=\"64\" \/> INTU FR GRILLE TDS PL<\/a><\/p>\n<p>Tre\u015b\u0107 zgodna z TDS PW_1.17<\/p>\n","protected":false},"featured_media":16416,"template":"","meta":[],"product_brand":[],"product_cat":[84],"product_tag":[],"class_list":{"0":"post-1443","1":"product","2":"type-product","3":"status-publish","4":"has-post-thumbnail","6":"product_cat-wentylacja","8":"first","9":"instock","10":"shipping-taxable","11":"product-type-simple"},"_links":{"self":[{"href":"https:\/\/firestopstock.com\/pl\/wp-json\/wp\/v2\/product\/1443","targetHints":{"allow":["GET"]}}],"collection":[{"href":"https:\/\/firestopstock.com\/pl\/wp-json\/wp\/v2\/product"}],"about":[{"href":"https:\/\/firestopstock.com\/pl\/wp-json\/wp\/v2\/types\/product"}],"wp:featuredmedia":[{"embeddable":true,"href":"https:\/\/firestopstock.com\/pl\/wp-json\/wp\/v2\/media\/16416"}],"wp:attachment":[{"href":"https:\/\/firestopstock.com\/pl\/wp-json\/wp\/v2\/media?parent=1443"}],"wp:term":[{"taxonomy":"product_brand","embeddable":true,"href":"https:\/\/firestopstock.com\/pl\/wp-json\/wp\/v2\/product_brand?post=1443"},{"taxonomy":"product_cat","embeddable":true,"href":"https:\/\/firestopstock.com\/pl\/wp-json\/wp\/v2\/product_cat?post=1443"},{"taxonomy":"product_tag","embeddable":true,"href":"https:\/\/firestopstock.com\/pl\/wp-json\/wp\/v2\/product_tag?post=1443"}],"curies":[{"name":"wp","href":"https:\/\/api.w.org\/{rel}","templated":true}]}}