{"id":1504,"date":"2018-03-16T13:21:02","date_gmt":"2018-03-16T13:21:02","guid":{"rendered":"https:\/\/firestopstock.com\/?product=intu-fr-ej-seal&#038;lang=pl"},"modified":"2025-06-16T12:04:14","modified_gmt":"2025-06-16T12:04:14","slug":"intu-fr-ej-seal","status":"publish","type":"product","link":"https:\/\/firestopstock.com\/pl\/product\/intu-fr-ej-seal\/","title":{"rendered":"INTU FR EJ SEAL"},"content":{"rendered":"","protected":false},"excerpt":{"rendered":"<ul>\n<li>odporno\u015b\u0107 ogniowa do EI 120<\/li>\n<li>monta\u017c w \u015bcianach i stropach<\/li>\n<li>\u0142atwy monta\u017c bez u\u017cycia specjalnych narz\u0119dzi<\/li>\n<li>du\u017ca elastyczno\u015b\u0107<\/li>\n<li>odporno\u015b\u0107 na trudne warunki atmosferyczne<\/li>\n<\/ul>\n<p>&nbsp;<\/p>\n<p>Elastyczny wype\u0142niacz szczelinowy <strong>INTU FR EJ SEAL<\/strong> sk\u0142ada si\u0119 z r\u00f3\u017cnych grubo\u015bci niepalnych pianek z warstwami materia\u0142u p\u0119czniej\u0105cego na bazie grafitu. Podczas po\u017caru materia\u0142 zwi\u0119ksza swoj\u0105 obj\u0119to\u015b\u0107 wytwarzaj\u0105c piank\u0119 ogniochronn\u0105 wype\u0142niaj\u0105c\u0105 szczelin\u0119. <strong>INTU FR EJ SEAL<\/strong> zapewnia du\u017c\u0105 elastyczno\u015b\u0107 ze wzgl\u0119du na swoj\u0105 struktur\u0119.<\/p>\n<p><a href=\"https:\/\/firestopstock.com\/wp-content\/uploads\/2018\/03\/INTU_FR_EJ_SEAL_TDS_PL_PW_1.10.pdf\" target=\"_blank\" rel=\"noopener noreferrer\"><br \/>\n<\/a><a href=\"https:\/\/firestopstock.com\/wp-content\/uploads\/2018\/03\/INTU_FR_EJ_SEAL_TDS_PL_PW_3.0.pdf\" target=\"_blank\" rel=\"noopener noreferrer\"><img loading=\"lazy\" decoding=\"async\" class=\"alignnone size-full wp-image-1102\" src=\"https:\/\/firestopstock.com\/wp-content\/uploads\/2017\/05\/52ff0e80b07d28b590bbc4b30befde52.png\" alt=\"\" width=\"64\" height=\"64\" \/> INTU FR EJ SEAL TDS<\/a><\/p>\n<p>Tre\u015b\u0107 zgodna z TDS PW_3.0<\/p>\n","protected":false},"featured_media":16368,"template":"","meta":[],"product_brand":[],"product_cat":[83],"product_tag":[],"class_list":{"0":"post-1504","1":"product","2":"type-product","3":"status-publish","4":"has-post-thumbnail","6":"product_cat-dylatacje-i-szczeliny","8":"first","9":"instock","10":"shipping-taxable","11":"product-type-simple"},"_links":{"self":[{"href":"https:\/\/firestopstock.com\/pl\/wp-json\/wp\/v2\/product\/1504","targetHints":{"allow":["GET"]}}],"collection":[{"href":"https:\/\/firestopstock.com\/pl\/wp-json\/wp\/v2\/product"}],"about":[{"href":"https:\/\/firestopstock.com\/pl\/wp-json\/wp\/v2\/types\/product"}],"wp:featuredmedia":[{"embeddable":true,"href":"https:\/\/firestopstock.com\/pl\/wp-json\/wp\/v2\/media\/16368"}],"wp:attachment":[{"href":"https:\/\/firestopstock.com\/pl\/wp-json\/wp\/v2\/media?parent=1504"}],"wp:term":[{"taxonomy":"product_brand","embeddable":true,"href":"https:\/\/firestopstock.com\/pl\/wp-json\/wp\/v2\/product_brand?post=1504"},{"taxonomy":"product_cat","embeddable":true,"href":"https:\/\/firestopstock.com\/pl\/wp-json\/wp\/v2\/product_cat?post=1504"},{"taxonomy":"product_tag","embeddable":true,"href":"https:\/\/firestopstock.com\/pl\/wp-json\/wp\/v2\/product_tag?post=1504"}],"curies":[{"name":"wp","href":"https:\/\/api.w.org\/{rel}","templated":true}]}}