{"id":1521,"date":"2018-03-16T13:30:48","date_gmt":"2018-03-16T13:30:48","guid":{"rendered":"https:\/\/firestopstock.com\/?product=intu-strip-f&#038;lang=pl"},"modified":"2023-08-24T10:42:56","modified_gmt":"2023-08-24T10:42:56","slug":"intu-strip-f","status":"publish","type":"product","link":"https:\/\/firestopstock.com\/pl\/product\/intu-strip-f\/","title":{"rendered":"INTU STRIP F"},"content":{"rendered":"","protected":false},"excerpt":{"rendered":"<p>Uszczelka <strong>INTU STRIP F<\/strong> wykonana jest z materia\u0142u na bazie grafitu. Pod wp\u0142ywem wysokiej temperatury materia\u0142 p\u0119cznieje, powi\u0119kszaj\u0105c swoj\u0105 obj\u0119to\u015b\u0107 35-krotnie. Ekspanduj\u0105cy produkt uniemo\u017cliwia rozprzestrzenianie si\u0119 ognia przez fugi i szczeliny w drzwiach przeciwpo\u017carowych. Odporno\u015b\u0107 ogniowa do <strong>EI 240*.<\/strong><\/p>\n<p><a href=\"https:\/\/firestopstock.com\/wp-content\/uploads\/2023\/07\/INTU_STRIP_F_TDS_EN_KO_1.0.pdf\" target=\"_blank\" rel=\"noopener noreferrer\"><img loading=\"lazy\" decoding=\"async\" class=\"alignnone size-full wp-image-1102\" src=\"https:\/\/firestopstock.com\/wp-content\/uploads\/2017\/05\/52ff0e80b07d28b590bbc4b30befde52.png\" alt=\"\" width=\"64\" height=\"64\" \/> INTU STRIP F TDS EN<\/a><\/p>\n<p>&nbsp;<\/p>\n","protected":false},"featured_media":1522,"template":"","meta":[],"product_brand":[],"product_cat":[86],"product_tag":[],"class_list":{"0":"post-1521","1":"product","2":"type-product","3":"status-publish","4":"has-post-thumbnail","6":"product_cat-uszczelnienia-drzwi","8":"first","9":"instock","10":"shipping-taxable","11":"product-type-simple"},"_links":{"self":[{"href":"https:\/\/firestopstock.com\/pl\/wp-json\/wp\/v2\/product\/1521","targetHints":{"allow":["GET"]}}],"collection":[{"href":"https:\/\/firestopstock.com\/pl\/wp-json\/wp\/v2\/product"}],"about":[{"href":"https:\/\/firestopstock.com\/pl\/wp-json\/wp\/v2\/types\/product"}],"wp:featuredmedia":[{"embeddable":true,"href":"https:\/\/firestopstock.com\/pl\/wp-json\/wp\/v2\/media\/1522"}],"wp:attachment":[{"href":"https:\/\/firestopstock.com\/pl\/wp-json\/wp\/v2\/media?parent=1521"}],"wp:term":[{"taxonomy":"product_brand","embeddable":true,"href":"https:\/\/firestopstock.com\/pl\/wp-json\/wp\/v2\/product_brand?post=1521"},{"taxonomy":"product_cat","embeddable":true,"href":"https:\/\/firestopstock.com\/pl\/wp-json\/wp\/v2\/product_cat?post=1521"},{"taxonomy":"product_tag","embeddable":true,"href":"https:\/\/firestopstock.com\/pl\/wp-json\/wp\/v2\/product_tag?post=1521"}],"curies":[{"name":"wp","href":"https:\/\/api.w.org\/{rel}","templated":true}]}}