{"id":1530,"date":"2018-03-16T13:35:46","date_gmt":"2018-03-16T13:35:46","guid":{"rendered":"https:\/\/firestopstock.com\/?product=intu-strip-f-copy&#038;lang=pl"},"modified":"2025-06-17T06:19:02","modified_gmt":"2025-06-17T06:19:02","slug":"intu-strip-fs","status":"publish","type":"product","link":"https:\/\/firestopstock.com\/pl\/product\/intu-strip-fs\/","title":{"rendered":"INTU STRIP FC"},"content":{"rendered":"","protected":false},"excerpt":{"rendered":"<p>Uszczelka <strong>INTU STRIP FC<\/strong>\u00a0wykonana jest z materia\u0142u na bazie grafitu i wyposa\u017cona w warstw\u0119 samoprzylepn\u0105. Pod wp\u0142ywem wysokiej temperatury materia\u0142 p\u0119cznieje, powi\u0119kszaj\u0105c swoj\u0105 obj\u0119to\u015b\u0107 35-krotnie. Ekspanduj\u0105cy produkt uniemo\u017cliwia rozprzestrzenianie si\u0119 ognia przez fugi i szczeliny w drzwiach przeciwpo\u017carowych. Odporno\u015b\u0107 ogniowa do <strong>EI 240*.<\/strong><\/p>\n<p><a href=\"https:\/\/firestopstock.com\/wp-content\/uploads\/2018\/03\/INTU_FR_EJ_SEAL_TDS_PL_PW_1.10.pdf\" target=\"_blank\" rel=\"noopener noreferrer\"><br \/>\n<\/a><a href=\"https:\/\/firestopstock.com\/wp-content\/uploads\/2023\/07\/INTU_STRIP_FC_TDS_EN_KO_1.0.pdf\" target=\"_blank\" rel=\"noopener noreferrer\"><img loading=\"lazy\" decoding=\"async\" class=\"alignnone size-full wp-image-1102\" src=\"https:\/\/firestopstock.com\/wp-content\/uploads\/2017\/05\/52ff0e80b07d28b590bbc4b30befde52.png\" alt=\"\" width=\"64\" height=\"64\" \/> INTU STRIP FC TDS EN<\/a><\/p>\n<p>Tre\u015b\u0107 zgodna z TDS PK_1.17<\/p>\n","protected":false},"featured_media":16436,"template":"","meta":[],"product_brand":[],"product_cat":[86],"product_tag":[],"class_list":{"0":"post-1530","1":"product","2":"type-product","3":"status-publish","4":"has-post-thumbnail","6":"product_cat-uszczelnienia-drzwi","8":"first","9":"instock","10":"shipping-taxable","11":"product-type-simple"},"_links":{"self":[{"href":"https:\/\/firestopstock.com\/pl\/wp-json\/wp\/v2\/product\/1530","targetHints":{"allow":["GET"]}}],"collection":[{"href":"https:\/\/firestopstock.com\/pl\/wp-json\/wp\/v2\/product"}],"about":[{"href":"https:\/\/firestopstock.com\/pl\/wp-json\/wp\/v2\/types\/product"}],"wp:featuredmedia":[{"embeddable":true,"href":"https:\/\/firestopstock.com\/pl\/wp-json\/wp\/v2\/media\/16436"}],"wp:attachment":[{"href":"https:\/\/firestopstock.com\/pl\/wp-json\/wp\/v2\/media?parent=1530"}],"wp:term":[{"taxonomy":"product_brand","embeddable":true,"href":"https:\/\/firestopstock.com\/pl\/wp-json\/wp\/v2\/product_brand?post=1530"},{"taxonomy":"product_cat","embeddable":true,"href":"https:\/\/firestopstock.com\/pl\/wp-json\/wp\/v2\/product_cat?post=1530"},{"taxonomy":"product_tag","embeddable":true,"href":"https:\/\/firestopstock.com\/pl\/wp-json\/wp\/v2\/product_tag?post=1530"}],"curies":[{"name":"wp","href":"https:\/\/api.w.org\/{rel}","templated":true}]}}