{"id":185,"date":"2017-02-22T14:47:58","date_gmt":"2017-02-22T14:47:58","guid":{"rendered":"http:\/\/intuseal.pl\/new\/?post_type=product&#038;p=185"},"modified":"2025-06-16T12:36:40","modified_gmt":"2025-06-16T12:36:40","slug":"185","status":"publish","type":"product","link":"https:\/\/firestopstock.com\/pl\/product\/185\/","title":{"rendered":"INTU FR WRAP"},"content":{"rendered":"","protected":false},"excerpt":{"rendered":"<p>Opaski ogniochronne <strong>INTU FR WRAP<\/strong> wykonane s\u0105 z materia\u0142u na bazie grafitu. Pod wp\u0142ywem wysokiej temperatury (ok 140<sup>o<\/sup>C) materia\u0142 p\u0119cznieje i wype\u0142nia ca\u0142\u0105 przestrze\u0144 powsta\u0142\u0105 po wypalonych palnych instalacjach.<\/p>\n<p>&nbsp;<\/p>\n<p><a href=\"https:\/\/firestopstock.com\/wp-content\/uploads\/2023\/07\/INTU_FR_WRAP_TDS_EN_KO_1.0.pdf\" target=\"_blank\" rel=\"noopener noreferrer\"><img loading=\"lazy\" decoding=\"async\" class=\"alignnone size-full wp-image-1102\" src=\"https:\/\/firestopstock.com\/wp-content\/uploads\/2017\/05\/52ff0e80b07d28b590bbc4b30befde52.png\" alt=\"\" width=\"64\" height=\"64\" \/> INTU FR WRAP TDS EN<\/a><\/p>\n<p>&nbsp;<\/p>\n","protected":false},"featured_media":16379,"template":"","meta":[],"product_brand":[],"product_cat":[61,63],"product_tag":[],"class_list":{"0":"post-185","1":"product","2":"type-product","3":"status-publish","4":"has-post-thumbnail","6":"product_cat-rury-palne","7":"product_cat-rury-niepalne-z-palna-izolacja","9":"first","10":"instock","11":"shipping-taxable","12":"product-type-simple"},"_links":{"self":[{"href":"https:\/\/firestopstock.com\/pl\/wp-json\/wp\/v2\/product\/185","targetHints":{"allow":["GET"]}}],"collection":[{"href":"https:\/\/firestopstock.com\/pl\/wp-json\/wp\/v2\/product"}],"about":[{"href":"https:\/\/firestopstock.com\/pl\/wp-json\/wp\/v2\/types\/product"}],"wp:featuredmedia":[{"embeddable":true,"href":"https:\/\/firestopstock.com\/pl\/wp-json\/wp\/v2\/media\/16379"}],"wp:attachment":[{"href":"https:\/\/firestopstock.com\/pl\/wp-json\/wp\/v2\/media?parent=185"}],"wp:term":[{"taxonomy":"product_brand","embeddable":true,"href":"https:\/\/firestopstock.com\/pl\/wp-json\/wp\/v2\/product_brand?post=185"},{"taxonomy":"product_cat","embeddable":true,"href":"https:\/\/firestopstock.com\/pl\/wp-json\/wp\/v2\/product_cat?post=185"},{"taxonomy":"product_tag","embeddable":true,"href":"https:\/\/firestopstock.com\/pl\/wp-json\/wp\/v2\/product_tag?post=185"}],"curies":[{"name":"wp","href":"https:\/\/api.w.org\/{rel}","templated":true}]}}