{"id":2314,"date":"2018-08-21T10:27:59","date_gmt":"2018-08-21T10:27:59","guid":{"rendered":"https:\/\/firestopstock.com\/?product=intu-fr-grille-dsdp&#038;lang=pl"},"modified":"2025-06-17T05:49:14","modified_gmt":"2025-06-17T05:49:14","slug":"intu-fr-grille-dsdp","status":"publish","type":"product","link":"https:\/\/firestopstock.com\/pl\/product\/intu-fr-grille-dsdp\/","title":{"rendered":"INTU FR GRILLE DS\/DP"},"content":{"rendered":"","protected":false},"excerpt":{"rendered":"<ul>\n<li>odporno\u015b\u0107 ogniowa do 120 minut<\/li>\n<li>przep\u0142yw powietrza do 80%<\/li>\n<li>maksymalne wymiary pojedynczej kratki (DP) 600 x 600 [mm]<\/li>\n<li>maksymalne wymiary pojedynczej kratki (DS) 600 x 1000 [mm]<\/li>\n<li>niestandardowe rozmiary kratek<\/li>\n<\/ul>\n<p>&nbsp;<\/p>\n<p>Przeciwpo\u017carowe kratki ogniochronne <strong>INTU FR GRILLE DS\/<\/strong><strong>DP<\/strong> wykonane s\u0105 z materia\u0142u ekspanduj\u0105cego pod wp\u0142ywem temperatury powy\u017cej 140<sup>o<\/sup>C. P\u0119czniej\u0105ce wk\u0142ady podczas po\u017caru zamykaj\u0105 otw\u00f3r wentylacyjny, nie dopuszczaj\u0105c do rozprzestrzeniania si\u0119 ognia i dymu.<\/p>\n<p>&nbsp;<\/p>\n<p><a href=\"https:\/\/firestopstock.com\/wp-content\/uploads\/2021\/05\/INTU_FR_GRILLE_DS_TDS_PL_PW_1.14-1.pdf\" target=\"_blank\" rel=\"noopener noreferrer\"><img loading=\"lazy\" decoding=\"async\" class=\"alignnone size-full wp-image-1102\" src=\"https:\/\/firestopstock.com\/wp-content\/uploads\/2017\/05\/52ff0e80b07d28b590bbc4b30befde52.png\" alt=\"\" width=\"64\" height=\"64\" \/> INTU FR GRILLE DS TDS<\/a><\/p>\n<p><a href=\"https:\/\/firestopstock.com\/wp-content\/uploads\/2021\/05\/INTU_FR_GRILLE_DP_TDS_PL_PW_1.14-1.pdf\" target=\"_blank\" rel=\"noopener noreferrer\"><img loading=\"lazy\" decoding=\"async\" class=\"alignnone size-full wp-image-1102\" src=\"https:\/\/firestopstock.com\/wp-content\/uploads\/2017\/05\/52ff0e80b07d28b590bbc4b30befde52.png\" alt=\"\" width=\"64\" height=\"64\" \/> INTU FR GRILLE DP TDS<\/a><\/p>\n<p>Tre\u015b\u0107 zgodna z TDS PW_1.14<\/p>\n","protected":false},"featured_media":16417,"template":"","meta":[],"product_brand":[],"product_cat":[84],"product_tag":[],"class_list":{"0":"post-2314","1":"product","2":"type-product","3":"status-publish","4":"has-post-thumbnail","6":"product_cat-wentylacja","8":"first","9":"instock","10":"shipping-taxable","11":"product-type-simple"},"_links":{"self":[{"href":"https:\/\/firestopstock.com\/pl\/wp-json\/wp\/v2\/product\/2314","targetHints":{"allow":["GET"]}}],"collection":[{"href":"https:\/\/firestopstock.com\/pl\/wp-json\/wp\/v2\/product"}],"about":[{"href":"https:\/\/firestopstock.com\/pl\/wp-json\/wp\/v2\/types\/product"}],"wp:featuredmedia":[{"embeddable":true,"href":"https:\/\/firestopstock.com\/pl\/wp-json\/wp\/v2\/media\/16417"}],"wp:attachment":[{"href":"https:\/\/firestopstock.com\/pl\/wp-json\/wp\/v2\/media?parent=2314"}],"wp:term":[{"taxonomy":"product_brand","embeddable":true,"href":"https:\/\/firestopstock.com\/pl\/wp-json\/wp\/v2\/product_brand?post=2314"},{"taxonomy":"product_cat","embeddable":true,"href":"https:\/\/firestopstock.com\/pl\/wp-json\/wp\/v2\/product_cat?post=2314"},{"taxonomy":"product_tag","embeddable":true,"href":"https:\/\/firestopstock.com\/pl\/wp-json\/wp\/v2\/product_tag?post=2314"}],"curies":[{"name":"wp","href":"https:\/\/api.w.org\/{rel}","templated":true}]}}