{"id":2321,"date":"2018-08-21T11:40:58","date_gmt":"2018-08-21T11:40:58","guid":{"rendered":"https:\/\/firestopstock.com\/?product=intu-fr-mastic&#038;lang=pl"},"modified":"2025-06-17T06:01:28","modified_gmt":"2025-06-17T06:01:28","slug":"intu-fr-mastic","status":"publish","type":"product","link":"https:\/\/firestopstock.com\/pl\/product\/intu-fr-mastic\/","title":{"rendered":"INTU FR MASTIC"},"content":{"rendered":"","protected":false},"excerpt":{"rendered":"<p>Ogniochronna masa akrylowa <strong>INTU FR MASTIC<\/strong> przeznaczona jest do zabezpieczenia przej\u015b\u0107 ppo\u017c. rur niepalnych, kabli elektrycznych, szczelin i dylatacji \u00a0oraz monta\u017cu p\u0119czniej\u0105cych kratek wentylacyjnych. Masa skutecznie wype\u0142nia szczeliny wok\u00f3\u0142 instalacji, zapewniaj\u0105c przegrodzie zachowanie szczelno\u015bci i izolacyjno\u015bci o klasie odporno\u015bci ogniowej EI 120 i EI 240 (szczeg\u00f3\u0142y wg dokument\u00f3w zgodno\u015bci).<\/p>\n<p>&nbsp;<\/p>\n<p><a href=\"https:\/\/firestopstock.com\/wp-content\/uploads\/2023\/07\/INTU_FR_MASTIC_TDS_EN_KO_MP_1.0.pdf\" target=\"_blank\" rel=\"noopener noreferrer\"><img loading=\"lazy\" decoding=\"async\" class=\"size-full wp-image-2035 alignnone\" src=\"https:\/\/firestopstock.com\/wp-content\/uploads\/2018\/04\/pdf_icon.png\" alt=\"\" width=\"64\" height=\"64\" \/>INTU FR MASTIC TDS EN<\/a><\/p>\n<p>&nbsp;<\/p>\n","protected":false},"featured_media":16427,"template":"","meta":[],"product_brand":[],"product_cat":[80,81,82,83,84],"product_tag":[],"class_list":{"0":"post-2321","1":"product","2":"type-product","3":"status-publish","4":"has-post-thumbnail","6":"product_cat-rury-niepalne","7":"product_cat-instalacje-elektryczne","8":"product_cat-przejscia-kombinowane","9":"product_cat-dylatacje-i-szczeliny","10":"product_cat-wentylacja","12":"first","13":"instock","14":"shipping-taxable","15":"product-type-simple"},"_links":{"self":[{"href":"https:\/\/firestopstock.com\/pl\/wp-json\/wp\/v2\/product\/2321","targetHints":{"allow":["GET"]}}],"collection":[{"href":"https:\/\/firestopstock.com\/pl\/wp-json\/wp\/v2\/product"}],"about":[{"href":"https:\/\/firestopstock.com\/pl\/wp-json\/wp\/v2\/types\/product"}],"wp:featuredmedia":[{"embeddable":true,"href":"https:\/\/firestopstock.com\/pl\/wp-json\/wp\/v2\/media\/16427"}],"wp:attachment":[{"href":"https:\/\/firestopstock.com\/pl\/wp-json\/wp\/v2\/media?parent=2321"}],"wp:term":[{"taxonomy":"product_brand","embeddable":true,"href":"https:\/\/firestopstock.com\/pl\/wp-json\/wp\/v2\/product_brand?post=2321"},{"taxonomy":"product_cat","embeddable":true,"href":"https:\/\/firestopstock.com\/pl\/wp-json\/wp\/v2\/product_cat?post=2321"},{"taxonomy":"product_tag","embeddable":true,"href":"https:\/\/firestopstock.com\/pl\/wp-json\/wp\/v2\/product_tag?post=2321"}],"curies":[{"name":"wp","href":"https:\/\/api.w.org\/{rel}","templated":true}]}}