{"id":398,"date":"2017-03-27T09:25:04","date_gmt":"2017-03-27T09:25:04","guid":{"rendered":"http:\/\/intuseal.pl\/new\/?post_type=product&#038;p=398"},"modified":"2025-06-16T12:42:48","modified_gmt":"2025-06-16T12:42:48","slug":"intu-fr-wrap-l","status":"publish","type":"product","link":"https:\/\/firestopstock.com\/pl\/product\/intu-fr-wrap-l\/","title":{"rendered":"INTU FR WRAP L"},"content":{"rendered":"","protected":false},"excerpt":{"rendered":"<p>Ta\u015bma ogniochronna\u00a0<strong>INTU FR WRAP L<\/strong>\u00a0wykonana jest z materia\u0142u na bazie grafitu. Pod wp\u0142ywem wysokiej temperatury (ok 140<sup>o<\/sup>C) materia\u0142 p\u0119cznieje i wype\u0142nia ca\u0142\u0105 przestrze\u0144 powsta\u0142\u0105 po wypalonych palnych instalacjach.<\/p>\n<p>&nbsp;<\/p>\n<p><a href=\"https:\/\/firestopstock.com\/wp-content\/uploads\/2023\/07\/INTU_FR_WRAP_L_TDS_EN_KO_MP_1.0.pdf\" target=\"_blank\" rel=\"noopener noreferrer\"><img loading=\"lazy\" decoding=\"async\" class=\"alignnone size-full wp-image-1102\" src=\"https:\/\/firestopstock.com\/wp-content\/uploads\/2017\/05\/52ff0e80b07d28b590bbc4b30befde52.png\" alt=\"\" width=\"64\" height=\"64\" \/> INTU FR WRAP L TDS EN<\/a><\/p>\n<p>&nbsp;<\/p>\n","protected":false},"featured_media":16391,"template":"","meta":[],"product_brand":[],"product_cat":[61,63,81,82],"product_tag":[],"class_list":{"0":"post-398","1":"product","2":"type-product","3":"status-publish","4":"has-post-thumbnail","6":"product_cat-rury-palne","7":"product_cat-rury-niepalne-z-palna-izolacja","8":"product_cat-instalacje-elektryczne","9":"product_cat-przejscia-kombinowane","11":"first","12":"instock","13":"shipping-taxable","14":"product-type-simple"},"_links":{"self":[{"href":"https:\/\/firestopstock.com\/pl\/wp-json\/wp\/v2\/product\/398","targetHints":{"allow":["GET"]}}],"collection":[{"href":"https:\/\/firestopstock.com\/pl\/wp-json\/wp\/v2\/product"}],"about":[{"href":"https:\/\/firestopstock.com\/pl\/wp-json\/wp\/v2\/types\/product"}],"wp:featuredmedia":[{"embeddable":true,"href":"https:\/\/firestopstock.com\/pl\/wp-json\/wp\/v2\/media\/16391"}],"wp:attachment":[{"href":"https:\/\/firestopstock.com\/pl\/wp-json\/wp\/v2\/media?parent=398"}],"wp:term":[{"taxonomy":"product_brand","embeddable":true,"href":"https:\/\/firestopstock.com\/pl\/wp-json\/wp\/v2\/product_brand?post=398"},{"taxonomy":"product_cat","embeddable":true,"href":"https:\/\/firestopstock.com\/pl\/wp-json\/wp\/v2\/product_cat?post=398"},{"taxonomy":"product_tag","embeddable":true,"href":"https:\/\/firestopstock.com\/pl\/wp-json\/wp\/v2\/product_tag?post=398"}],"curies":[{"name":"wp","href":"https:\/\/api.w.org\/{rel}","templated":true}]}}