{"id":399,"date":"2017-03-27T09:25:20","date_gmt":"2017-03-27T09:25:20","guid":{"rendered":"http:\/\/intuseal.pl\/new\/?post_type=product&#038;p=399"},"modified":"2025-06-16T12:18:16","modified_gmt":"2025-06-16T12:18:16","slug":"intu-fr-collar","status":"publish","type":"product","link":"https:\/\/firestopstock.com\/pl\/product\/intu-fr-collar\/","title":{"rendered":"INTU FR COLLAR"},"content":{"rendered":"","protected":false},"excerpt":{"rendered":"<p>Ko\u0142nierz<strong> INTU FR COLLAR<\/strong> sk\u0142ada si\u0119 z elastycznego wk\u0142adu wykonanego\u00a0z materia\u0142u na bazie grafitu, p\u0119czniej\u0105cego pod wp\u0142ywem temperatury powy\u017cej 140\u00b0C oraz zewn\u0119trznej obudowy wykonanej z blachy stalowej o grubo\u015bci 1,0 mm zabezpieczonej antykorozyjnie pow\u0142ok\u0105 malarsk\u0105 w kolorze czerwonym. Stalowa obudowa ko\u0142nierza jest wyposa\u017cona w zamek s\u0142u\u017c\u0105cy do spinania ko\u0144c\u00f3w i stabilizowania go na rurze oraz uchwyty monta\u017cowe mocuj\u0105ce ko\u0142nierz do przegrody. Ko\u0142nierze zapewniaj\u0105 ochron\u0119 do max EI 240 (szczeg\u00f3\u0142y patrz dokumenty odniesienia).<\/p>\n<p><a href=\"https:\/\/firestopstock.com\/wp-content\/uploads\/2017\/03\/INTU_FR_COLLAR_TDS_PL_PW_3.0.pdf\" target=\"_blank\" rel=\"noopener noreferrer\"><img loading=\"lazy\" decoding=\"async\" class=\"alignnone size-full wp-image-1102\" src=\"https:\/\/firestopstock.com\/wp-content\/uploads\/2017\/05\/52ff0e80b07d28b590bbc4b30befde52.png\" alt=\"\" width=\"64\" height=\"64\" \/> INTU FR COLLAR TDS<\/a><\/p>\n<p>Tre\u015b\u0107 zgodna z TDS PW_3.0<a href=\"https:\/\/firestopstock.com\/wp-content\/uploads\/2017\/03\/wall.jpg\"><br \/>\n<\/a><\/p>\n","protected":false},"featured_media":16373,"template":"","meta":[],"product_brand":[],"product_cat":[61],"product_tag":[],"class_list":{"0":"post-399","1":"product","2":"type-product","3":"status-publish","4":"has-post-thumbnail","6":"product_cat-rury-palne","8":"first","9":"instock","10":"shipping-taxable","11":"product-type-simple"},"_links":{"self":[{"href":"https:\/\/firestopstock.com\/pl\/wp-json\/wp\/v2\/product\/399","targetHints":{"allow":["GET"]}}],"collection":[{"href":"https:\/\/firestopstock.com\/pl\/wp-json\/wp\/v2\/product"}],"about":[{"href":"https:\/\/firestopstock.com\/pl\/wp-json\/wp\/v2\/types\/product"}],"wp:featuredmedia":[{"embeddable":true,"href":"https:\/\/firestopstock.com\/pl\/wp-json\/wp\/v2\/media\/16373"}],"wp:attachment":[{"href":"https:\/\/firestopstock.com\/pl\/wp-json\/wp\/v2\/media?parent=399"}],"wp:term":[{"taxonomy":"product_brand","embeddable":true,"href":"https:\/\/firestopstock.com\/pl\/wp-json\/wp\/v2\/product_brand?post=399"},{"taxonomy":"product_cat","embeddable":true,"href":"https:\/\/firestopstock.com\/pl\/wp-json\/wp\/v2\/product_cat?post=399"},{"taxonomy":"product_tag","embeddable":true,"href":"https:\/\/firestopstock.com\/pl\/wp-json\/wp\/v2\/product_tag?post=399"}],"curies":[{"name":"wp","href":"https:\/\/api.w.org\/{rel}","templated":true}]}}