{"id":514,"date":"2017-04-05T13:13:22","date_gmt":"2017-04-05T13:13:22","guid":{"rendered":"http:\/\/intuseal.pl\/new\/produkt\/intu-air-transfer-plate\/"},"modified":"2025-06-17T05:56:17","modified_gmt":"2025-06-17T05:56:17","slug":"intu-air-transfer-plate","status":"publish","type":"product","link":"https:\/\/firestopstock.com\/pl\/product\/intu-air-transfer-plate\/","title":{"rendered":"INTU ATP"},"content":{"rendered":"","protected":false},"excerpt":{"rendered":"<p>\u017baluzjowa kratka maskuj\u0105ca <strong>INTU ATP\u00a0<\/strong>stosowana jest do estetycznego zabezpieczenia wlot\u00f3w\/wylot\u00f3w otwor\u00f3w wentylacyjnych.\u00a0 Kratka <strong>INTU\u00a0ATP\u00a0<\/strong>wytwarzana jest za pomoc\u0105 nowoczesnych technik produkcyjnych oraz precyzyjnych maszyn t\u0142ocz\u0105cych. Materia\u0142em jest stal grubo\u015bci 0,9 mm. \u017baluzje s\u0105 w odleg\u0142o\u015bci co 8,5mm, z 30%-owym nachyleniem ku do\u0142owi.<\/p>\n<p><a href=\"https:\/\/firestopstock.com\/wp-content\/uploads\/2020\/04\/INTU_AIR_TRANSFER_PLATE_TDS_PL_PW_1.6.pdf\" target=\"_blank\" rel=\"noopener noreferrer\"><img loading=\"lazy\" decoding=\"async\" class=\"alignnone size-full wp-image-1102\" src=\"https:\/\/firestopstock.com\/wp-content\/uploads\/2017\/05\/52ff0e80b07d28b590bbc4b30befde52.png\" alt=\"\" width=\"64\" height=\"64\" \/>\u00a0INTU ATP TDS PL<\/a><\/p>\n<p>PW 1.6<\/p>\n","protected":false},"featured_media":16426,"template":"","meta":[],"product_brand":[],"product_cat":[84],"product_tag":[],"class_list":{"0":"post-514","1":"product","2":"type-product","3":"status-publish","4":"has-post-thumbnail","6":"product_cat-wentylacja","8":"first","9":"instock","10":"shipping-taxable","11":"product-type-simple"},"_links":{"self":[{"href":"https:\/\/firestopstock.com\/pl\/wp-json\/wp\/v2\/product\/514","targetHints":{"allow":["GET"]}}],"collection":[{"href":"https:\/\/firestopstock.com\/pl\/wp-json\/wp\/v2\/product"}],"about":[{"href":"https:\/\/firestopstock.com\/pl\/wp-json\/wp\/v2\/types\/product"}],"wp:featuredmedia":[{"embeddable":true,"href":"https:\/\/firestopstock.com\/pl\/wp-json\/wp\/v2\/media\/16426"}],"wp:attachment":[{"href":"https:\/\/firestopstock.com\/pl\/wp-json\/wp\/v2\/media?parent=514"}],"wp:term":[{"taxonomy":"product_brand","embeddable":true,"href":"https:\/\/firestopstock.com\/pl\/wp-json\/wp\/v2\/product_brand?post=514"},{"taxonomy":"product_cat","embeddable":true,"href":"https:\/\/firestopstock.com\/pl\/wp-json\/wp\/v2\/product_cat?post=514"},{"taxonomy":"product_tag","embeddable":true,"href":"https:\/\/firestopstock.com\/pl\/wp-json\/wp\/v2\/product_tag?post=514"}],"curies":[{"name":"wp","href":"https:\/\/api.w.org\/{rel}","templated":true}]}}